{"id":10869,"date":"2025-11-25T10:26:06","date_gmt":"2025-11-25T08:26:06","guid":{"rendered":"https:\/\/graniaid.fi\/graniaid-charity-concert-7-2-2026\/"},"modified":"2026-02-07T13:08:30","modified_gmt":"2026-02-07T11:08:30","slug":"graniaid-charity-concert-7-2-2026","status":"publish","type":"page","link":"https:\/\/graniaid.fi\/en\/graniaid-charity-concert-7-2-2026\/","title":{"rendered":"GraniAID 7.2.2026"},"content":{"rendered":"\n<h1 class=\"wp-block-heading\">GraniAID 7.2.2026<\/h1>\n\n<h5 class=\"wp-block-heading\">When: 7.2.2026 | at 19-22 (doors open at 18)<br\/>Where: Uusi Paviljonki, Kauniainen<br\/>Why: Excellent music<br\/>Price: 40\u20ac (incl. welcome drink)<\/h5>\n\n<div class=\"wp-block-buttons is-layout-flex wp-block-buttons-is-layout-flex\">\n<div class=\"wp-block-button\"><a class=\"wp-block-button__link wp-element-button\" href=\"https:\/\/www.eventim-light.com\/fi\/a\/68f0bc94e31d1c4adc3a9806\/e\/6915f9caa91ab87ffebf5166\"><strong>Buy tickets now!<\/strong><\/a><\/div>\n<\/div>\n\n<h2 class=\"wp-block-heading\"><strong>If the ticket service is not working, don&#8217;t worry, you can buy tickets at the door!<\/strong><\/h2>\n\n<p>GraniAID is an annual charity concert that brings together music, community, and the warm local spirit of Kauniainen. The evening is filled with experiences, energy, and the power of togetherness, with the aim of supporting those who need companionship and support in their everyday lives. Proceeds from the concert support the work of Granin L\u00e4hiapu in reducing loneliness in Kauniainen. <\/p>\n\n<p>Charity, good friends and great music. Grab a glass from the bar and come enjoy the unique atmosphere. Together against loneliness.  <\/p>\n\n<h3 class=\"wp-block-heading\"><strong>The stage will feature a diverse and energetic line-up of top Finnish names:<\/strong><\/h3>\n\n<ul class=\"wp-block-list\">\n<li><strong>Nina Tapio<\/strong><\/li>\n\n\n\n<li><strong>Ilari H\u00e4m\u00e4l\u00e4inen<\/strong><\/li>\n\n\n\n<li><strong>Nina Lindroos<\/strong><\/li>\n\n\n\n<li><strong>Jannike Sandstr\u00f6m<\/strong><\/li>\n\n\n\n<li><strong>Type Johnson<\/strong><\/li>\n\n\n\n<li><strong>Laura Airaksinen<\/strong><\/li>\n\n\n\n<li><strong>Houseband: Vikings in Black<\/strong><\/li>\n<\/ul>\n\n<p>It&#8217;s a pop &#8216;n&#8217; roll experience full of emotion, power and community.<\/p>\n\n<h3 class=\"wp-block-heading\"><strong>Together against loneliness<\/strong><\/h3>\n\n<p>GraniAID is not just a concert &#8211; it is a promise that the Kauniainen community cares. Join us to fill the New Pavilion with music, joy and good intentions.<\/p>\n\n<hr class=\"wp-block-separator has-alpha-channel-opacity\"\/>\n\n<h5 class=\"wp-block-heading\">For more information about the event:<br\/>Antti Harsunen,<br\/>040 6879090,<br\/>antti.harsunen@gmail.com<\/h5>\n\n<p><\/p>\n","protected":false},"excerpt":{"rendered":"<p>GraniAID 7.2.2026 When: 7.2.2026 | at 19-22 (doors open at 18)Where: Uusi Paviljonki, KauniainenWhy: Excellent musicPrice: 40\u20ac (incl. welcome drink) If the ticket service is not working, don&#8217;t worry, you [&hellip;]<\/p>\n","protected":false},"author":5,"featured_media":10840,"parent":0,"menu_order":0,"comment_status":"closed","ping_status":"closed","template":"","meta":{"site-sidebar-layout":"default","site-content-layout":"","ast-site-content-layout":"default","site-content-style":"default","site-sidebar-style":"default","ast-global-header-display":"","ast-banner-title-visibility":"","ast-main-header-display":"","ast-hfb-above-header-display":"","ast-hfb-below-header-display":"","ast-hfb-mobile-header-display":"","site-post-title":"disabled","ast-breadcrumbs-content":"","ast-featured-img":"","footer-sml-layout":"","theme-transparent-header-meta":"","adv-header-id-meta":"","stick-header-meta":"","header-above-stick-meta":"","header-main-stick-meta":"","header-below-stick-meta":"","astra-migrate-meta-layouts":"default","ast-page-background-enabled":"default","ast-page-background-meta":{"desktop":{"background-color":"var(--ast-global-color-5)","background-image":"","background-repeat":"repeat","background-position":"center center","background-size":"auto","background-attachment":"scroll","background-type":"","background-media":"","overlay-type":"","overlay-color":"","overlay-opacity":"","overlay-gradient":""},"tablet":{"background-color":"","background-image":"","background-repeat":"repeat","background-position":"center center","background-size":"auto","background-attachment":"scroll","background-type":"","background-media":"","overlay-type":"","overlay-color":"","overlay-opacity":"","overlay-gradient":""},"mobile":{"background-color":"","background-image":"","background-repeat":"repeat","background-position":"center center","background-size":"auto","background-attachment":"scroll","background-type":"","background-media":"","overlay-type":"","overlay-color":"","overlay-opacity":"","overlay-gradient":""}},"ast-content-background-meta":{"desktop":{"background-color":"var(--ast-global-color-4)","background-image":"","background-repeat":"repeat","background-position":"center center","background-size":"auto","background-attachment":"scroll","background-type":"","background-media":"","overlay-type":"","overlay-color":"","overlay-opacity":"","overlay-gradient":""},"tablet":{"background-color":"var(--ast-global-color-4)","background-image":"","background-repeat":"repeat","background-position":"center center","background-size":"auto","background-attachment":"scroll","background-type":"","background-media":"","overlay-type":"","overlay-color":"","overlay-opacity":"","overlay-gradient":""},"mobile":{"background-color":"var(--ast-global-color-4)","background-image":"","background-repeat":"repeat","background-position":"center center","background-size":"auto","background-attachment":"scroll","background-type":"","background-media":"","overlay-type":"","overlay-color":"","overlay-opacity":"","overlay-gradient":""}},"footnotes":""},"class_list":["post-10869","page","type-page","status-publish","has-post-thumbnail","hentry"],"yoast_head":"<!-- This site is optimized with the Yoast SEO plugin v27.3 - https:\/\/yoast.com\/product\/yoast-seo-wordpress\/ -->\n<title>GraniAID 7.2.2026 - GraniAID<\/title>\n<meta name=\"description\" content=\"GraniAID is an annual charity concert that brings together music, community and the warm local spirit of Kauniainen. The evening will be full of experiences, energy and the power of working together - to help those who need companionship and support in their daily lives. The proceeds from the concert will be used to support Gran&#039;s work to reduce loneliness in Kauniainen.\" \/>\n<meta name=\"robots\" content=\"index, follow, max-snippet:-1, max-image-preview:large, max-video-preview:-1\" \/>\n<link rel=\"canonical\" href=\"https:\/\/graniaid.fi\/en\/graniaid-charity-concert-7-2-2026\/\" \/>\n<meta property=\"og:locale\" content=\"en_US\" \/>\n<meta property=\"og:type\" content=\"article\" \/>\n<meta property=\"og:title\" content=\"GraniAID charity concert 7.2.2026\" \/>\n<meta property=\"og:description\" content=\"GraniAID is an annual charity concert that brings together music, community and the warm local spirit of Kauniainen. The evening will be full of experiences, energy and the power of working together - to help those who need companionship and support in their daily lives. The proceeds from the concert will be used to support Gran&#039;s work to reduce loneliness in Kauniainen.\" \/>\n<meta property=\"og:url\" content=\"https:\/\/graniaid.fi\/en\/graniaid-charity-concert-7-2-2026\/\" \/>\n<meta property=\"og:site_name\" content=\"GraniAID\" \/>\n<meta property=\"article:modified_time\" content=\"2026-02-07T11:08:30+00:00\" \/>\n<meta property=\"og:image\" content=\"https:\/\/graniaid.fi\/wp-content\/uploads\/2025\/11\/GraniAID-1080-x-1920-1-1024x576.png\" \/>\n<meta name=\"twitter:card\" content=\"summary_large_image\" \/>\n<meta name=\"twitter:label1\" content=\"Est. reading time\" \/>\n\t<meta name=\"twitter:data1\" content=\"2 minutes\" \/>\n<script type=\"application\/ld+json\" class=\"yoast-schema-graph\">{\"@context\":\"https:\\\/\\\/schema.org\",\"@graph\":[{\"@type\":\"WebPage\",\"@id\":\"https:\\\/\\\/graniaid.fi\\\/en\\\/graniaid-charity-concert-7-2-2026\\\/\",\"url\":\"https:\\\/\\\/graniaid.fi\\\/en\\\/graniaid-charity-concert-7-2-2026\\\/\",\"name\":\"GraniAID 7.2.2026 - GraniAID\",\"isPartOf\":{\"@id\":\"https:\\\/\\\/graniaid.fi\\\/en\\\/#website\"},\"primaryImageOfPage\":{\"@id\":\"https:\\\/\\\/graniaid.fi\\\/en\\\/graniaid-charity-concert-7-2-2026\\\/#primaryimage\"},\"image\":{\"@id\":\"https:\\\/\\\/graniaid.fi\\\/en\\\/graniaid-charity-concert-7-2-2026\\\/#primaryimage\"},\"thumbnailUrl\":\"https:\\\/\\\/graniaid.fi\\\/wp-content\\\/uploads\\\/2025\\\/11\\\/GraniAID-1080-x-1920-1-compress.png\",\"datePublished\":\"2025-11-25T08:26:06+00:00\",\"dateModified\":\"2026-02-07T11:08:30+00:00\",\"description\":\"GraniAID is an annual charity concert that brings together music, community and the warm local spirit of Kauniainen. The evening will be full of experiences, energy and the power of working together - to help those who need companionship and support in their daily lives. The proceeds from the concert will be used to support Gran's work to reduce loneliness in Kauniainen.\",\"breadcrumb\":{\"@id\":\"https:\\\/\\\/graniaid.fi\\\/en\\\/graniaid-charity-concert-7-2-2026\\\/#breadcrumb\"},\"inLanguage\":\"en-US\",\"potentialAction\":[{\"@type\":\"ReadAction\",\"target\":[\"https:\\\/\\\/graniaid.fi\\\/en\\\/graniaid-charity-concert-7-2-2026\\\/\"]}]},{\"@type\":\"ImageObject\",\"inLanguage\":\"en-US\",\"@id\":\"https:\\\/\\\/graniaid.fi\\\/en\\\/graniaid-charity-concert-7-2-2026\\\/#primaryimage\",\"url\":\"https:\\\/\\\/graniaid.fi\\\/wp-content\\\/uploads\\\/2025\\\/11\\\/GraniAID-1080-x-1920-1-compress.png\",\"contentUrl\":\"https:\\\/\\\/graniaid.fi\\\/wp-content\\\/uploads\\\/2025\\\/11\\\/GraniAID-1080-x-1920-1-compress.png\",\"width\":1920,\"height\":1080},{\"@type\":\"BreadcrumbList\",\"@id\":\"https:\\\/\\\/graniaid.fi\\\/en\\\/graniaid-charity-concert-7-2-2026\\\/#breadcrumb\",\"itemListElement\":[{\"@type\":\"ListItem\",\"position\":1,\"name\":\"Etusivu\",\"item\":\"https:\\\/\\\/graniaid.fi\\\/en\\\/\"},{\"@type\":\"ListItem\",\"position\":2,\"name\":\"GraniAID 7.2.2026\"}]},{\"@type\":\"WebSite\",\"@id\":\"https:\\\/\\\/graniaid.fi\\\/en\\\/#website\",\"url\":\"https:\\\/\\\/graniaid.fi\\\/en\\\/\",\"name\":\"GraniAID\",\"description\":\"Hyv\u00e4ntekev\u00e4isyysfestivaali\",\"publisher\":{\"@id\":\"https:\\\/\\\/graniaid.fi\\\/en\\\/#organization\"},\"potentialAction\":[{\"@type\":\"SearchAction\",\"target\":{\"@type\":\"EntryPoint\",\"urlTemplate\":\"https:\\\/\\\/graniaid.fi\\\/en\\\/?s={search_term_string}\"},\"query-input\":{\"@type\":\"PropertyValueSpecification\",\"valueRequired\":true,\"valueName\":\"search_term_string\"}}],\"inLanguage\":\"en-US\"},{\"@type\":\"Organization\",\"@id\":\"https:\\\/\\\/graniaid.fi\\\/en\\\/#organization\",\"name\":\"GraniAID\",\"url\":\"https:\\\/\\\/graniaid.fi\\\/en\\\/\",\"logo\":{\"@type\":\"ImageObject\",\"inLanguage\":\"en-US\",\"@id\":\"https:\\\/\\\/graniaid.fi\\\/en\\\/#\\\/schema\\\/logo\\\/image\\\/\",\"url\":\"https:\\\/\\\/graniaid.fi\\\/wp-content\\\/uploads\\\/2023\\\/07\\\/graniaid_300.png\",\"contentUrl\":\"https:\\\/\\\/graniaid.fi\\\/wp-content\\\/uploads\\\/2023\\\/07\\\/graniaid_300.png\",\"width\":300,\"height\":300,\"caption\":\"GraniAID\"},\"image\":{\"@id\":\"https:\\\/\\\/graniaid.fi\\\/en\\\/#\\\/schema\\\/logo\\\/image\\\/\"}}]}<\/script>\n<!-- \/ Yoast SEO plugin. -->","yoast_head_json":{"title":"GraniAID 7.2.2026 - GraniAID","description":"GraniAID is an annual charity concert that brings together music, community and the warm local spirit of Kauniainen. The evening will be full of experiences, energy and the power of working together - to help those who need companionship and support in their daily lives. The proceeds from the concert will be used to support Gran's work to reduce loneliness in Kauniainen.","robots":{"index":"index","follow":"follow","max-snippet":"max-snippet:-1","max-image-preview":"max-image-preview:large","max-video-preview":"max-video-preview:-1"},"canonical":"https:\/\/graniaid.fi\/en\/graniaid-charity-concert-7-2-2026\/","og_locale":"en_US","og_type":"article","og_title":"GraniAID charity concert 7.2.2026","og_description":"GraniAID is an annual charity concert that brings together music, community and the warm local spirit of Kauniainen. The evening will be full of experiences, energy and the power of working together - to help those who need companionship and support in their daily lives. The proceeds from the concert will be used to support Gran's work to reduce loneliness in Kauniainen.","og_url":"https:\/\/graniaid.fi\/en\/graniaid-charity-concert-7-2-2026\/","og_site_name":"GraniAID","article_modified_time":"2026-02-07T11:08:30+00:00","og_image":[{"url":"https:\/\/graniaid.fi\/wp-content\/uploads\/2025\/11\/GraniAID-1080-x-1920-1-1024x576.png","type":"","width":"","height":""}],"twitter_card":"summary_large_image","twitter_misc":{"Est. reading time":"2 minutes"},"schema":{"@context":"https:\/\/schema.org","@graph":[{"@type":"WebPage","@id":"https:\/\/graniaid.fi\/en\/graniaid-charity-concert-7-2-2026\/","url":"https:\/\/graniaid.fi\/en\/graniaid-charity-concert-7-2-2026\/","name":"GraniAID 7.2.2026 - GraniAID","isPartOf":{"@id":"https:\/\/graniaid.fi\/en\/#website"},"primaryImageOfPage":{"@id":"https:\/\/graniaid.fi\/en\/graniaid-charity-concert-7-2-2026\/#primaryimage"},"image":{"@id":"https:\/\/graniaid.fi\/en\/graniaid-charity-concert-7-2-2026\/#primaryimage"},"thumbnailUrl":"https:\/\/graniaid.fi\/wp-content\/uploads\/2025\/11\/GraniAID-1080-x-1920-1-compress.png","datePublished":"2025-11-25T08:26:06+00:00","dateModified":"2026-02-07T11:08:30+00:00","description":"GraniAID is an annual charity concert that brings together music, community and the warm local spirit of Kauniainen. The evening will be full of experiences, energy and the power of working together - to help those who need companionship and support in their daily lives. The proceeds from the concert will be used to support Gran's work to reduce loneliness in Kauniainen.","breadcrumb":{"@id":"https:\/\/graniaid.fi\/en\/graniaid-charity-concert-7-2-2026\/#breadcrumb"},"inLanguage":"en-US","potentialAction":[{"@type":"ReadAction","target":["https:\/\/graniaid.fi\/en\/graniaid-charity-concert-7-2-2026\/"]}]},{"@type":"ImageObject","inLanguage":"en-US","@id":"https:\/\/graniaid.fi\/en\/graniaid-charity-concert-7-2-2026\/#primaryimage","url":"https:\/\/graniaid.fi\/wp-content\/uploads\/2025\/11\/GraniAID-1080-x-1920-1-compress.png","contentUrl":"https:\/\/graniaid.fi\/wp-content\/uploads\/2025\/11\/GraniAID-1080-x-1920-1-compress.png","width":1920,"height":1080},{"@type":"BreadcrumbList","@id":"https:\/\/graniaid.fi\/en\/graniaid-charity-concert-7-2-2026\/#breadcrumb","itemListElement":[{"@type":"ListItem","position":1,"name":"Etusivu","item":"https:\/\/graniaid.fi\/en\/"},{"@type":"ListItem","position":2,"name":"GraniAID 7.2.2026"}]},{"@type":"WebSite","@id":"https:\/\/graniaid.fi\/en\/#website","url":"https:\/\/graniaid.fi\/en\/","name":"GraniAID","description":"Hyv\u00e4ntekev\u00e4isyysfestivaali","publisher":{"@id":"https:\/\/graniaid.fi\/en\/#organization"},"potentialAction":[{"@type":"SearchAction","target":{"@type":"EntryPoint","urlTemplate":"https:\/\/graniaid.fi\/en\/?s={search_term_string}"},"query-input":{"@type":"PropertyValueSpecification","valueRequired":true,"valueName":"search_term_string"}}],"inLanguage":"en-US"},{"@type":"Organization","@id":"https:\/\/graniaid.fi\/en\/#organization","name":"GraniAID","url":"https:\/\/graniaid.fi\/en\/","logo":{"@type":"ImageObject","inLanguage":"en-US","@id":"https:\/\/graniaid.fi\/en\/#\/schema\/logo\/image\/","url":"https:\/\/graniaid.fi\/wp-content\/uploads\/2023\/07\/graniaid_300.png","contentUrl":"https:\/\/graniaid.fi\/wp-content\/uploads\/2023\/07\/graniaid_300.png","width":300,"height":300,"caption":"GraniAID"},"image":{"@id":"https:\/\/graniaid.fi\/en\/#\/schema\/logo\/image\/"}}]}},"_links":{"self":[{"href":"https:\/\/graniaid.fi\/en\/wp-json\/wp\/v2\/pages\/10869","targetHints":{"allow":["GET"]}}],"collection":[{"href":"https:\/\/graniaid.fi\/en\/wp-json\/wp\/v2\/pages"}],"about":[{"href":"https:\/\/graniaid.fi\/en\/wp-json\/wp\/v2\/types\/page"}],"author":[{"embeddable":true,"href":"https:\/\/graniaid.fi\/en\/wp-json\/wp\/v2\/users\/5"}],"replies":[{"embeddable":true,"href":"https:\/\/graniaid.fi\/en\/wp-json\/wp\/v2\/comments?post=10869"}],"version-history":[{"count":19,"href":"https:\/\/graniaid.fi\/en\/wp-json\/wp\/v2\/pages\/10869\/revisions"}],"predecessor-version":[{"id":11396,"href":"https:\/\/graniaid.fi\/en\/wp-json\/wp\/v2\/pages\/10869\/revisions\/11396"}],"wp:featuredmedia":[{"embeddable":true,"href":"https:\/\/graniaid.fi\/en\/wp-json\/wp\/v2\/media\/10840"}],"wp:attachment":[{"href":"https:\/\/graniaid.fi\/en\/wp-json\/wp\/v2\/media?parent=10869"}],"curies":[{"name":"wp","href":"https:\/\/api.w.org\/{rel}","templated":true}]}}