{"id":11030,"date":"2025-11-25T12:43:09","date_gmt":"2025-11-25T10:43:09","guid":{"rendered":"https:\/\/graniaid.fi\/graniaid-and-winter-sweep-charity-events\/"},"modified":"2026-01-30T22:17:20","modified_gmt":"2026-01-30T20:17:20","slug":"graniaid-and-winter-sweep-charity-events","status":"publish","type":"page","link":"https:\/\/graniaid.fi\/en\/","title":{"rendered":"GraniAID and Winter event &#8211; charity events"},"content":{"rendered":"\n<h1 class=\"wp-block-heading alignwide has-text-align-center\"><strong>GraniAID &amp; Winter event<\/strong><br\/><strong>-charity events<\/strong><\/h1>\n\n<div class=\"wp-block-media-text alignwide is-stacked-on-mobile is-vertically-aligned-center has-ast-global-color-4-background-color has-background\" style=\"border-style:none;border-width:0px;padding-top:0;padding-right:0;padding-bottom:0;padding-left:0\"><figure class=\"wp-block-media-text__media\"><img fetchpriority=\"high\" decoding=\"async\" width=\"1024\" height=\"724\" src=\"https:\/\/graniaid.fi\/wp-content\/uploads\/2025\/11\/GraniAID-A5-1-1024x724.png\" alt=\"\" class=\"wp-image-11044 size-full\" srcset=\"https:\/\/graniaid.fi\/wp-content\/uploads\/2025\/11\/GraniAID-A5-1-1024x724.png 1024w, https:\/\/graniaid.fi\/wp-content\/uploads\/2025\/11\/GraniAID-A5-1-300x212.png 300w, https:\/\/graniaid.fi\/wp-content\/uploads\/2025\/11\/GraniAID-A5-1-768x543.png 768w, https:\/\/graniaid.fi\/wp-content\/uploads\/2025\/11\/GraniAID-A5-1-1536x1086.png 1536w, https:\/\/graniaid.fi\/wp-content\/uploads\/2025\/11\/GraniAID-A5-1.png 1528w\" sizes=\"(max-width: 1024px) 100vw, 1024px\" \/><\/figure><div class=\"wp-block-media-text__content\">\n<h2 class=\"wp-block-heading\">GraniAID 7.2.2026<br\/>Uusi pavilion, Kauniainen<br\/>at 19.00-22.00<\/h2>\n\n\n\n<p><strong>GraniAID is a yearly charity concert <\/strong>which gathers music, a warm atmosphere and the community of Kauniainen together. The program of the evening will include performances from <strong>Nina Lindroos, Houseband Vikings in Black, Nina Tapio, Jannike Sandstr\u00f6m, Laura Airaksinen, Tipe Johnson och Ilari H\u00e4m\u00e4l\u00e4inen<\/strong> \u2013 so you can look forward to an energetic, atmospheric and unforgettable concert experience.<\/p>\n\n\n\n<p>The funds from the event will be directed to Granin L\u00e4hiapu, for their work on preventing loneliness among the elderly, among immigrants and the youth in our community. More information on the activities of Granin L\u00e4hiapu can be found on their website <a href=\"http:\/\/www.graninlahiapury.fi\/\" target=\"_blank\" rel=\"noreferrer noopener\"><strong>www.graninlahiapury.fi.<\/strong><\/a> <\/p>\n\n\n\n<div class=\"wp-block-buttons is-layout-flex wp-block-buttons-is-layout-flex\">\n<div class=\"wp-block-button\"><a class=\"wp-block-button__link wp-element-button\" href=\"https:\/\/graniaid.fi\/en\/graniaid-charity-concert-7-2-2026\/\">Read more and buy tickets!<\/a><\/div>\n<\/div>\n<\/div><\/div>\n\n<hr class=\"wp-block-separator has-alpha-channel-opacity\"\/>\n\n<div class=\"wp-block-media-text alignwide is-stacked-on-mobile has-ast-global-color-4-background-color has-background\" style=\"border-style:none;border-width:0px\"><figure class=\"wp-block-media-text__media\"><img decoding=\"async\" width=\"1024\" height=\"724\" src=\"https:\/\/graniaid.fi\/wp-content\/uploads\/2025\/11\/Talvirieha-A5-1-1024x724.png\" alt=\"\" class=\"wp-image-11048 size-full\" srcset=\"https:\/\/graniaid.fi\/wp-content\/uploads\/2025\/11\/Talvirieha-A5-1-1024x724.png 1024w, https:\/\/graniaid.fi\/wp-content\/uploads\/2025\/11\/Talvirieha-A5-1-300x212.png 300w, https:\/\/graniaid.fi\/wp-content\/uploads\/2025\/11\/Talvirieha-A5-1-768x543.png 768w, https:\/\/graniaid.fi\/wp-content\/uploads\/2025\/11\/Talvirieha-A5-1-1536x1086.png 1536w, https:\/\/graniaid.fi\/wp-content\/uploads\/2025\/11\/Talvirieha-A5-1.png 1528w\" sizes=\"(max-width: 1024px) 100vw, 1024px\" \/><\/figure><div class=\"wp-block-media-text__content\">\n<h2 class=\"wp-block-heading\">Winter event 31.1.2026<br\/>Youth Centre, Kauniainen<br\/>at 10.00-16.00<\/h2>\n\n\n\n<p>The winter event will be held at the Youth House and its surrounding area on 31.1. 2026. The event will offer fun activities in winter and a good feeling for all. Arne Aligator will perform at the Youth Center with three energetic performances in the two official languages (at 11.00, 13,00 and 15.00) and in the yard there are many activities from pony riding to grilling sausages and you can admire a real fire engine from the Voluntary Firebrigade.<\/p>\n\n\n\n<p>The funds from the event will be directed to Granin L\u00e4hiapu, for their work on preventing loneliness among the elderly, among immigrants and the youth in our community. More information on the activities of Granin L\u00e4hiapu can be found on their website <a href=\"http:\/\/www.graninlahiapury.fi\/\" target=\"_blank\" rel=\"noreferrer noopener\"><strong>www.graninlahiapury.fi.<\/strong><\/a> <\/p>\n\n\n\n<div class=\"wp-block-buttons is-layout-flex wp-block-buttons-is-layout-flex\">\n<div class=\"wp-block-button\"><a class=\"wp-block-button__link wp-element-button\" href=\"https:\/\/graniaid.fi\/en\/winter-drive-charity-event-31-1-2026\/\">Read more and buy tickets!<\/a><\/div>\n<\/div>\n<\/div><\/div>\n\n<hr class=\"wp-block-separator has-alpha-channel-opacity\"\/>\n\n<div class=\"wp-block-media-text alignwide is-stacked-on-mobile has-ast-global-color-4-background-color has-background\" style=\"border-style:none;border-width:0px\"><figure class=\"wp-block-media-text__media\"><img decoding=\"async\" width=\"1024\" height=\"724\" src=\"https:\/\/graniaid.fi\/wp-content\/uploads\/2025\/11\/lahjoita-1024x724.png\" alt=\"\" class=\"wp-image-11274 size-full\" srcset=\"https:\/\/graniaid.fi\/wp-content\/uploads\/2025\/11\/lahjoita-1024x724.png 1024w, https:\/\/graniaid.fi\/wp-content\/uploads\/2025\/11\/lahjoita-300x212.png 300w, https:\/\/graniaid.fi\/wp-content\/uploads\/2025\/11\/lahjoita-768x543.png 768w, https:\/\/graniaid.fi\/wp-content\/uploads\/2025\/11\/lahjoita-1536x1086.png 1536w, https:\/\/graniaid.fi\/wp-content\/uploads\/2025\/11\/lahjoita.png 1528w\" sizes=\"(max-width: 1024px) 100vw, 1024px\" \/><\/figure><div class=\"wp-block-media-text__content\">\n<h2 class=\"wp-block-heading\">Please donate to fight loneliness in Kauniainen<\/h2>\n\n\n\n<p><strong>Your donation will help to reduce loneliness in Kauniainen.<\/strong> The funds from the GraniAID concert and from the Winter event will be directed toward to Grani L\u00e4hiapu for their work in supporting individuals who need company, help and safety in their everyday lives.<\/p>\n\n\n\n<p>Grani L\u00e4hiapu has through their volunteers given support to community in Kauniainen since 1989. The goal is to prevent crisis, loneliness and isolation in our community. <\/p>\n\n\n\n<p><strong>You can donate easily by MobilePay or donate directly into the Grani L\u00e4hiapu bank account.<\/strong> Every donation, whether it is small or large matters and is important.<\/p>\n\n\n\n<div class=\"wp-block-buttons is-layout-flex wp-block-buttons-is-layout-flex\">\n<div class=\"wp-block-button\"><a class=\"wp-block-button__link wp-element-button\" href=\"https:\/\/graniaid.fi\/en\/donate-to-3\/\">Donate<\/a><\/div>\n<\/div>\n<\/div><\/div>\n\n<hr class=\"wp-block-separator has-alpha-channel-opacity\"\/>\n\n<figure class=\"wp-block-image alignwide size-large\"><img loading=\"lazy\" decoding=\"async\" width=\"1024\" height=\"576\" src=\"https:\/\/graniaid.fi\/wp-content\/uploads\/2025\/10\/yhteistyo-web-vihrea-1024x576.png\" alt=\"\" class=\"wp-image-10369\" srcset=\"https:\/\/graniaid.fi\/wp-content\/uploads\/2025\/10\/yhteistyo-web-vihrea-1024x576.png 1024w, https:\/\/graniaid.fi\/wp-content\/uploads\/2025\/10\/yhteistyo-web-vihrea-300x169.png 300w, https:\/\/graniaid.fi\/wp-content\/uploads\/2025\/10\/yhteistyo-web-vihrea-768x432.png 768w, https:\/\/graniaid.fi\/wp-content\/uploads\/2025\/10\/yhteistyo-web-vihrea-1536x864.png 1536w, https:\/\/graniaid.fi\/wp-content\/uploads\/2025\/10\/yhteistyo-web-vihrea.png 1920w\" sizes=\"(max-width: 1024px) 100vw, 1024px\" \/><\/figure>\n\n<hr class=\"wp-block-separator has-alpha-channel-opacity\"\/>\n\n<h1 class=\"wp-block-heading has-text-align-center\"><strong>Together against loneliness!<\/strong><\/h1>\n\n<div class=\"wp-block-media-text alignwide is-stacked-on-mobile has-ast-global-color-4-background-color has-background\" style=\"border-style:none;border-width:0px\"><figure class=\"wp-block-media-text__media\"><img decoding=\"async\" src=\"https:\/\/graniaid.fi\/wp-content\/uploads\/2023\/08\/lahiapu-compress.png\" alt=\"\" class=\"wp-image-9412 size-full\"\/><\/figure><div class=\"wp-block-media-text__content\">\n<h3 class=\"wp-block-heading\"><strong>All funds collected from the charity events will be used to support the work Grani L\u00e4hiapu does to reduce loneliness in our community.<\/strong><\/h3>\n\n\n\n<p>The funds collected from the charity events will be directed to the charity Grani L\u00e4hiapu to support their work in our community. Grani L\u00e4hiapu ry fund collection permission nr. RA\/2021\/51<\/p>\n\n\n\n<div class=\"wp-block-buttons is-layout-flex wp-block-buttons-is-layout-flex\">\n<div class=\"wp-block-button\"><a class=\"wp-block-button__link wp-element-button\" href=\"http:\/\/www.graninlahiapury.fi\">www.graninlahiapury.fi<\/a><\/div>\n<\/div>\n<\/div><\/div>\n\n<hr class=\"wp-block-separator has-alpha-channel-opacity\"\/>\n\n<h1 class=\"wp-block-heading has-text-align-center\"><strong>GraniAID &amp; Talvirieha in partnership<\/strong><\/h1>\n\n<figure class=\"wp-block-image alignwide size-large is-style-default\"><img loading=\"lazy\" decoding=\"async\" width=\"1024\" height=\"379\" src=\"https:\/\/graniaid.fi\/wp-content\/uploads\/2026\/01\/sponssit-6-1024x379.png\" alt=\"\" class=\"wp-image-11389\" srcset=\"https:\/\/graniaid.fi\/wp-content\/uploads\/2026\/01\/sponssit-6-1024x379.png 1024w, https:\/\/graniaid.fi\/wp-content\/uploads\/2026\/01\/sponssit-6-300x111.png 300w, https:\/\/graniaid.fi\/wp-content\/uploads\/2026\/01\/sponssit-6-768x284.png 768w, https:\/\/graniaid.fi\/wp-content\/uploads\/2026\/01\/sponssit-6-1536x569.png 1536w, https:\/\/graniaid.fi\/wp-content\/uploads\/2026\/01\/sponssit-6.png 1920w\" sizes=\"(max-width: 1024px) 100vw, 1024px\" \/><\/figure>\n\n<hr class=\"wp-block-separator has-alpha-channel-opacity\"\/>\n","protected":false},"excerpt":{"rendered":"<p>GraniAID &amp; Winter event-charity events Together against loneliness! GraniAID &amp; Talvirieha in partnership<\/p>\n","protected":false},"author":5,"featured_media":11055,"parent":0,"menu_order":0,"comment_status":"closed","ping_status":"closed","template":"","meta":{"site-sidebar-layout":"default","site-content-layout":"","ast-site-content-layout":"default","site-content-style":"default","site-sidebar-style":"default","ast-global-header-display":"","ast-banner-title-visibility":"","ast-main-header-display":"","ast-hfb-above-header-display":"","ast-hfb-below-header-display":"","ast-hfb-mobile-header-display":"","site-post-title":"disabled","ast-breadcrumbs-content":"","ast-featured-img":"","footer-sml-layout":"","theme-transparent-header-meta":"","adv-header-id-meta":"","stick-header-meta":"","header-above-stick-meta":"","header-main-stick-meta":"","header-below-stick-meta":"","astra-migrate-meta-layouts":"default","ast-page-background-enabled":"default","ast-page-background-meta":{"desktop":{"background-color":"var(--ast-global-color-5)","background-image":"","background-repeat":"repeat","background-position":"center center","background-size":"auto","background-attachment":"scroll","background-type":"","background-media":"","overlay-type":"","overlay-color":"","overlay-opacity":"","overlay-gradient":""},"tablet":{"background-color":"","background-image":"","background-repeat":"repeat","background-position":"center center","background-size":"auto","background-attachment":"scroll","background-type":"","background-media":"","overlay-type":"","overlay-color":"","overlay-opacity":"","overlay-gradient":""},"mobile":{"background-color":"","background-image":"","background-repeat":"repeat","background-position":"center center","background-size":"auto","background-attachment":"scroll","background-type":"","background-media":"","overlay-type":"","overlay-color":"","overlay-opacity":"","overlay-gradient":""}},"ast-content-background-meta":{"desktop":{"background-color":"var(--ast-global-color-4)","background-image":"","background-repeat":"repeat","background-position":"center center","background-size":"auto","background-attachment":"scroll","background-type":"","background-media":"","overlay-type":"","overlay-color":"","overlay-opacity":"","overlay-gradient":""},"tablet":{"background-color":"var(--ast-global-color-4)","background-image":"","background-repeat":"repeat","background-position":"center center","background-size":"auto","background-attachment":"scroll","background-type":"","background-media":"","overlay-type":"","overlay-color":"","overlay-opacity":"","overlay-gradient":""},"mobile":{"background-color":"var(--ast-global-color-4)","background-image":"","background-repeat":"repeat","background-position":"center center","background-size":"auto","background-attachment":"scroll","background-type":"","background-media":"","overlay-type":"","overlay-color":"","overlay-opacity":"","overlay-gradient":""}},"footnotes":""},"class_list":["post-11030","page","type-page","status-publish","has-post-thumbnail","hentry"],"yoast_head":"<!-- This site is optimized with the Yoast SEO plugin v27.3 - https:\/\/yoast.com\/product\/yoast-seo-wordpress\/ -->\n<title>GraniAID and Winter event - charity events - GraniAID<\/title>\n<meta name=\"description\" content=\"GraniAID and Winter event are annual charity events organised in Kauniainen to raise money for Grani L\u00e4hiapu work to reduce loneliness in Kauniainen.\" \/>\n<meta name=\"robots\" content=\"index, follow, max-snippet:-1, max-image-preview:large, max-video-preview:-1\" \/>\n<link rel=\"canonical\" href=\"https:\/\/graniaid.fi\/en\/\" \/>\n<meta property=\"og:locale\" content=\"en_US\" \/>\n<meta property=\"og:type\" content=\"article\" \/>\n<meta property=\"og:title\" content=\"GraniAID and Winter event - charity events - GraniAID\" \/>\n<meta property=\"og:description\" content=\"GraniAID and Winter event are annual charity events organised in Kauniainen to raise money for Grani L\u00e4hiapu work to reduce loneliness in Kauniainen.\" \/>\n<meta property=\"og:url\" content=\"https:\/\/graniaid.fi\/en\/\" \/>\n<meta property=\"og:site_name\" content=\"GraniAID\" \/>\n<meta property=\"article:modified_time\" content=\"2026-01-30T20:17:20+00:00\" \/>\n<meta property=\"og:image\" content=\"https:\/\/graniaid.fi\/wp-content\/uploads\/2025\/11\/banneri-compress.png\" \/>\n\t<meta property=\"og:image:width\" content=\"1920\" \/>\n\t<meta property=\"og:image:height\" content=\"1080\" \/>\n\t<meta property=\"og:image:type\" content=\"image\/png\" \/>\n<meta name=\"twitter:card\" content=\"summary_large_image\" \/>\n<meta name=\"twitter:label1\" content=\"Est. reading time\" \/>\n\t<meta name=\"twitter:data1\" content=\"2 minutes\" \/>\n<script type=\"application\/ld+json\" class=\"yoast-schema-graph\">{\"@context\":\"https:\\\/\\\/schema.org\",\"@graph\":[{\"@type\":\"WebPage\",\"@id\":\"https:\\\/\\\/graniaid.fi\\\/en\\\/\",\"url\":\"https:\\\/\\\/graniaid.fi\\\/en\\\/\",\"name\":\"GraniAID and Winter event - charity events - GraniAID\",\"isPartOf\":{\"@id\":\"https:\\\/\\\/graniaid.fi\\\/en\\\/#website\"},\"primaryImageOfPage\":{\"@id\":\"https:\\\/\\\/graniaid.fi\\\/en\\\/#primaryimage\"},\"image\":{\"@id\":\"https:\\\/\\\/graniaid.fi\\\/en\\\/#primaryimage\"},\"thumbnailUrl\":\"https:\\\/\\\/graniaid.fi\\\/wp-content\\\/uploads\\\/2025\\\/11\\\/banneri-compress.png\",\"datePublished\":\"2025-11-25T10:43:09+00:00\",\"dateModified\":\"2026-01-30T20:17:20+00:00\",\"description\":\"GraniAID and Winter event are annual charity events organised in Kauniainen to raise money for Grani L\u00e4hiapu work to reduce loneliness in Kauniainen.\",\"breadcrumb\":{\"@id\":\"https:\\\/\\\/graniaid.fi\\\/en\\\/#breadcrumb\"},\"inLanguage\":\"en-US\",\"potentialAction\":[{\"@type\":\"ReadAction\",\"target\":[\"https:\\\/\\\/graniaid.fi\\\/en\\\/\"]}]},{\"@type\":\"ImageObject\",\"inLanguage\":\"en-US\",\"@id\":\"https:\\\/\\\/graniaid.fi\\\/en\\\/#primaryimage\",\"url\":\"https:\\\/\\\/graniaid.fi\\\/wp-content\\\/uploads\\\/2025\\\/11\\\/banneri-compress.png\",\"contentUrl\":\"https:\\\/\\\/graniaid.fi\\\/wp-content\\\/uploads\\\/2025\\\/11\\\/banneri-compress.png\",\"width\":1920,\"height\":1080},{\"@type\":\"BreadcrumbList\",\"@id\":\"https:\\\/\\\/graniaid.fi\\\/en\\\/#breadcrumb\",\"itemListElement\":[{\"@type\":\"ListItem\",\"position\":1,\"name\":\"Etusivu\",\"item\":\"https:\\\/\\\/graniaid.fi\\\/en\\\/\"},{\"@type\":\"ListItem\",\"position\":2,\"name\":\"GraniAID and Winter event &#8211; charity events\"}]},{\"@type\":\"WebSite\",\"@id\":\"https:\\\/\\\/graniaid.fi\\\/en\\\/#website\",\"url\":\"https:\\\/\\\/graniaid.fi\\\/en\\\/\",\"name\":\"GraniAID\",\"description\":\"Hyv\u00e4ntekev\u00e4isyysfestivaali\",\"publisher\":{\"@id\":\"https:\\\/\\\/graniaid.fi\\\/en\\\/#organization\"},\"potentialAction\":[{\"@type\":\"SearchAction\",\"target\":{\"@type\":\"EntryPoint\",\"urlTemplate\":\"https:\\\/\\\/graniaid.fi\\\/en\\\/?s={search_term_string}\"},\"query-input\":{\"@type\":\"PropertyValueSpecification\",\"valueRequired\":true,\"valueName\":\"search_term_string\"}}],\"inLanguage\":\"en-US\"},{\"@type\":\"Organization\",\"@id\":\"https:\\\/\\\/graniaid.fi\\\/en\\\/#organization\",\"name\":\"GraniAID\",\"url\":\"https:\\\/\\\/graniaid.fi\\\/en\\\/\",\"logo\":{\"@type\":\"ImageObject\",\"inLanguage\":\"en-US\",\"@id\":\"https:\\\/\\\/graniaid.fi\\\/en\\\/#\\\/schema\\\/logo\\\/image\\\/\",\"url\":\"https:\\\/\\\/graniaid.fi\\\/wp-content\\\/uploads\\\/2023\\\/07\\\/graniaid_300.png\",\"contentUrl\":\"https:\\\/\\\/graniaid.fi\\\/wp-content\\\/uploads\\\/2023\\\/07\\\/graniaid_300.png\",\"width\":300,\"height\":300,\"caption\":\"GraniAID\"},\"image\":{\"@id\":\"https:\\\/\\\/graniaid.fi\\\/en\\\/#\\\/schema\\\/logo\\\/image\\\/\"}}]}<\/script>\n<!-- \/ Yoast SEO plugin. -->","yoast_head_json":{"title":"GraniAID and Winter event - charity events - GraniAID","description":"GraniAID and Winter event are annual charity events organised in Kauniainen to raise money for Grani L\u00e4hiapu work to reduce loneliness in Kauniainen.","robots":{"index":"index","follow":"follow","max-snippet":"max-snippet:-1","max-image-preview":"max-image-preview:large","max-video-preview":"max-video-preview:-1"},"canonical":"https:\/\/graniaid.fi\/en\/","og_locale":"en_US","og_type":"article","og_title":"GraniAID and Winter event - charity events - GraniAID","og_description":"GraniAID and Winter event are annual charity events organised in Kauniainen to raise money for Grani L\u00e4hiapu work to reduce loneliness in Kauniainen.","og_url":"https:\/\/graniaid.fi\/en\/","og_site_name":"GraniAID","article_modified_time":"2026-01-30T20:17:20+00:00","og_image":[{"width":1920,"height":1080,"url":"https:\/\/graniaid.fi\/wp-content\/uploads\/2025\/11\/banneri-compress.png","type":"image\/png"}],"twitter_card":"summary_large_image","twitter_misc":{"Est. reading time":"2 minutes"},"schema":{"@context":"https:\/\/schema.org","@graph":[{"@type":"WebPage","@id":"https:\/\/graniaid.fi\/en\/","url":"https:\/\/graniaid.fi\/en\/","name":"GraniAID and Winter event - charity events - GraniAID","isPartOf":{"@id":"https:\/\/graniaid.fi\/en\/#website"},"primaryImageOfPage":{"@id":"https:\/\/graniaid.fi\/en\/#primaryimage"},"image":{"@id":"https:\/\/graniaid.fi\/en\/#primaryimage"},"thumbnailUrl":"https:\/\/graniaid.fi\/wp-content\/uploads\/2025\/11\/banneri-compress.png","datePublished":"2025-11-25T10:43:09+00:00","dateModified":"2026-01-30T20:17:20+00:00","description":"GraniAID and Winter event are annual charity events organised in Kauniainen to raise money for Grani L\u00e4hiapu work to reduce loneliness in Kauniainen.","breadcrumb":{"@id":"https:\/\/graniaid.fi\/en\/#breadcrumb"},"inLanguage":"en-US","potentialAction":[{"@type":"ReadAction","target":["https:\/\/graniaid.fi\/en\/"]}]},{"@type":"ImageObject","inLanguage":"en-US","@id":"https:\/\/graniaid.fi\/en\/#primaryimage","url":"https:\/\/graniaid.fi\/wp-content\/uploads\/2025\/11\/banneri-compress.png","contentUrl":"https:\/\/graniaid.fi\/wp-content\/uploads\/2025\/11\/banneri-compress.png","width":1920,"height":1080},{"@type":"BreadcrumbList","@id":"https:\/\/graniaid.fi\/en\/#breadcrumb","itemListElement":[{"@type":"ListItem","position":1,"name":"Etusivu","item":"https:\/\/graniaid.fi\/en\/"},{"@type":"ListItem","position":2,"name":"GraniAID and Winter event &#8211; charity events"}]},{"@type":"WebSite","@id":"https:\/\/graniaid.fi\/en\/#website","url":"https:\/\/graniaid.fi\/en\/","name":"GraniAID","description":"Hyv\u00e4ntekev\u00e4isyysfestivaali","publisher":{"@id":"https:\/\/graniaid.fi\/en\/#organization"},"potentialAction":[{"@type":"SearchAction","target":{"@type":"EntryPoint","urlTemplate":"https:\/\/graniaid.fi\/en\/?s={search_term_string}"},"query-input":{"@type":"PropertyValueSpecification","valueRequired":true,"valueName":"search_term_string"}}],"inLanguage":"en-US"},{"@type":"Organization","@id":"https:\/\/graniaid.fi\/en\/#organization","name":"GraniAID","url":"https:\/\/graniaid.fi\/en\/","logo":{"@type":"ImageObject","inLanguage":"en-US","@id":"https:\/\/graniaid.fi\/en\/#\/schema\/logo\/image\/","url":"https:\/\/graniaid.fi\/wp-content\/uploads\/2023\/07\/graniaid_300.png","contentUrl":"https:\/\/graniaid.fi\/wp-content\/uploads\/2023\/07\/graniaid_300.png","width":300,"height":300,"caption":"GraniAID"},"image":{"@id":"https:\/\/graniaid.fi\/en\/#\/schema\/logo\/image\/"}}]}},"_links":{"self":[{"href":"https:\/\/graniaid.fi\/en\/wp-json\/wp\/v2\/pages\/11030","targetHints":{"allow":["GET"]}}],"collection":[{"href":"https:\/\/graniaid.fi\/en\/wp-json\/wp\/v2\/pages"}],"about":[{"href":"https:\/\/graniaid.fi\/en\/wp-json\/wp\/v2\/types\/page"}],"author":[{"embeddable":true,"href":"https:\/\/graniaid.fi\/en\/wp-json\/wp\/v2\/users\/5"}],"replies":[{"embeddable":true,"href":"https:\/\/graniaid.fi\/en\/wp-json\/wp\/v2\/comments?post=11030"}],"version-history":[{"count":37,"href":"https:\/\/graniaid.fi\/en\/wp-json\/wp\/v2\/pages\/11030\/revisions"}],"predecessor-version":[{"id":11393,"href":"https:\/\/graniaid.fi\/en\/wp-json\/wp\/v2\/pages\/11030\/revisions\/11393"}],"wp:featuredmedia":[{"embeddable":true,"href":"https:\/\/graniaid.fi\/en\/wp-json\/wp\/v2\/media\/11055"}],"wp:attachment":[{"href":"https:\/\/graniaid.fi\/en\/wp-json\/wp\/v2\/media?parent=11030"}],"curies":[{"name":"wp","href":"https:\/\/api.w.org\/{rel}","templated":true}]}}