{"id":11028,"date":"2025-11-25T12:43:09","date_gmt":"2025-11-25T10:43:09","guid":{"rendered":"https:\/\/graniaid.fi\/valgorenhetsevenemangen-graniaid-och-winter-sweep\/"},"modified":"2026-01-30T22:17:20","modified_gmt":"2026-01-30T20:17:20","slug":"valgorenhetsevenemangen-graniaid-och-winter-sweep","status":"publish","type":"page","link":"https:\/\/graniaid.fi\/sv\/","title":{"rendered":"GraniAID och Vinterjippo -v\u00e4lg\u00f6renhetsevenemang"},"content":{"rendered":"\n<h1 class=\"wp-block-heading alignwide has-text-align-center\"><strong>GraniAID &amp; Vinterjippo<\/strong><br\/><strong>-v\u00e4lg\u00f6renhetsevenemang<\/strong><\/h1>\n\n<div class=\"wp-block-media-text alignwide is-stacked-on-mobile is-vertically-aligned-center has-ast-global-color-4-background-color has-background\" style=\"border-style:none;border-width:0px;padding-top:0;padding-right:0;padding-bottom:0;padding-left:0\"><figure class=\"wp-block-media-text__media\"><img fetchpriority=\"high\" decoding=\"async\" width=\"1024\" height=\"724\" src=\"https:\/\/graniaid.fi\/wp-content\/uploads\/2025\/11\/GraniAID-A5-1-1024x724.png\" alt=\"\" class=\"wp-image-11044 size-full\" srcset=\"https:\/\/graniaid.fi\/wp-content\/uploads\/2025\/11\/GraniAID-A5-1-1024x724.png 1024w, https:\/\/graniaid.fi\/wp-content\/uploads\/2025\/11\/GraniAID-A5-1-300x212.png 300w, https:\/\/graniaid.fi\/wp-content\/uploads\/2025\/11\/GraniAID-A5-1-768x543.png 768w, https:\/\/graniaid.fi\/wp-content\/uploads\/2025\/11\/GraniAID-A5-1-1536x1086.png 1536w, https:\/\/graniaid.fi\/wp-content\/uploads\/2025\/11\/GraniAID-A5-1.png 1528w\" sizes=\"(max-width: 1024px) 100vw, 1024px\" \/><\/figure><div class=\"wp-block-media-text__content\">\n<h2 class=\"wp-block-heading\">GraniAID 7.2.2026<br\/>Nya paviljongen, Grankulla<br\/>kl. 19.00-22.00<\/h2>\n\n\n\n<p>GraniAID \u00e4r en \u00e5rlig v\u00e4lg\u00f6renhetskonsert som f\u00f6renar musiken, gemenskapen och den varma lokala andan i Grankulla. I kv\u00e4llens program ing\u00e5r, <strong>Nina Lindroos, Houseband Vikings in Black, Nina Tapio, Jannike Sandstr\u00f6m, Laura Airaksinen, Tipe Johnson och Ilari H\u00e4m\u00e4l\u00e4inen<\/strong> \u2013 en energisk, st\u00e4mningsfull och of\u00f6rgl\u00f6mlig konsertupplevelse utlovas.<\/p>\n\n\n\n<p>Alla int\u00e4kter fr\u00e5n evenemanget g\u00e5r oavkortat till Grani N\u00e4rhj\u00e4lp rf som str\u00e4var till att f\u00f6rebygga ensamhet bland seniorer, immigranter och unga. Mera information om Grani N\u00e4rhj\u00e4lp verksamhet hittar man p\u00e5 Grani N\u00e4rhj\u00e4lps websida: <strong><a href=\"http:\/\/www.graninlahiapury.fi\/\" target=\"_blank\" rel=\"noreferrer noopener\">www.graninlahiapury.fi<\/a><\/strong> <\/p>\n\n\n\n<div class=\"wp-block-buttons is-layout-flex wp-block-buttons-is-layout-flex\">\n<div class=\"wp-block-button\"><a class=\"wp-block-button__link wp-element-button\" href=\"https:\/\/graniaid.fi\/sv\/graniaid-valgorenhetskonsert-7-2-2026\/\">L\u00e4s mer och k\u00f6p biljetter!<\/a><\/div>\n<\/div>\n<\/div><\/div>\n\n<hr class=\"wp-block-separator has-alpha-channel-opacity\"\/>\n\n<div class=\"wp-block-media-text alignwide is-stacked-on-mobile has-ast-global-color-4-background-color has-background\" style=\"border-style:none;border-width:0px\"><figure class=\"wp-block-media-text__media\"><img decoding=\"async\" width=\"1024\" height=\"724\" src=\"https:\/\/graniaid.fi\/wp-content\/uploads\/2025\/11\/Talvirieha-A5-1-1024x724.png\" alt=\"\" class=\"wp-image-11048 size-full\" srcset=\"https:\/\/graniaid.fi\/wp-content\/uploads\/2025\/11\/Talvirieha-A5-1-1024x724.png 1024w, https:\/\/graniaid.fi\/wp-content\/uploads\/2025\/11\/Talvirieha-A5-1-300x212.png 300w, https:\/\/graniaid.fi\/wp-content\/uploads\/2025\/11\/Talvirieha-A5-1-768x543.png 768w, https:\/\/graniaid.fi\/wp-content\/uploads\/2025\/11\/Talvirieha-A5-1-1536x1086.png 1536w, https:\/\/graniaid.fi\/wp-content\/uploads\/2025\/11\/Talvirieha-A5-1.png 1528w\" sizes=\"(max-width: 1024px) 100vw, 1024px\" \/><\/figure><div class=\"wp-block-media-text__content\">\n<h2 class=\"wp-block-heading\">Vinterjippo 31.1.2026<br\/>Ungdomsg\u00e5rden, Grankulla<br\/>kl. 10.00-16.00<\/h2>\n\n\n\n<p>Vinterjippot kommer till Ungdomsg\u00e5rden och dess omgivning l\u00f6rdagen den 31.1.2026, med vintergl\u00e4dje, aktiviteter och gott hum\u00f6r! Arne Alligator upptr\u00e4der p\u00e5 Ungdomsg\u00e5rden med <strong>tre fartfyllda tv\u00e5spr\u00e5kiga uppvisningar<\/strong> (kl.11.00, 13.00 och 15.00) och p\u00e5 g\u00e5rden ordnas olika aktiviteter som ponnyridning, korvgrillning och m\u00f6jlighet bekanta sig med en \u00e4kta FBK brandbil.<\/p>\n\n\n\n<p>Alla int\u00e4kter fr\u00e5n evenemanget g\u00e5r oavkortat till Grani N\u00e4rhj\u00e4lp rf som str\u00e4var till att f\u00f6rebygga ensamhet bland seniorer, immigranter och unga. Mera information om Grani N\u00e4rhj\u00e4lp verksamhet hittar man p\u00e5 Grani N\u00e4rhj\u00e4lps websida: <strong><a href=\"http:\/\/www.graninlahiapury.fi\/\" target=\"_blank\" rel=\"noreferrer noopener\">www.graninlahiapury.fi<\/a><\/strong> <\/p>\n\n\n\n<div class=\"wp-block-buttons is-layout-flex wp-block-buttons-is-layout-flex\">\n<div class=\"wp-block-button\"><a class=\"wp-block-button__link wp-element-button\" href=\"https:\/\/graniaid.fi\/sv\/valgorenhetsevenemanget-winter-drive-31-1-2026\/\">L\u00e4s mer och k\u00f6p biljetter!<\/a><\/div>\n<\/div>\n<\/div><\/div>\n\n<hr class=\"wp-block-separator has-alpha-channel-opacity\"\/>\n\n<div class=\"wp-block-media-text alignwide is-stacked-on-mobile has-ast-global-color-4-background-color has-background\" style=\"border-style:none;border-width:0px\"><figure class=\"wp-block-media-text__media\"><img decoding=\"async\" width=\"1024\" height=\"724\" src=\"https:\/\/graniaid.fi\/wp-content\/uploads\/2025\/11\/lahjoita-1024x724.png\" alt=\"\" class=\"wp-image-11274 size-full\" srcset=\"https:\/\/graniaid.fi\/wp-content\/uploads\/2025\/11\/lahjoita-1024x724.png 1024w, https:\/\/graniaid.fi\/wp-content\/uploads\/2025\/11\/lahjoita-300x212.png 300w, https:\/\/graniaid.fi\/wp-content\/uploads\/2025\/11\/lahjoita-768x543.png 768w, https:\/\/graniaid.fi\/wp-content\/uploads\/2025\/11\/lahjoita-1536x1086.png 1536w, https:\/\/graniaid.fi\/wp-content\/uploads\/2025\/11\/lahjoita.png 1528w\" sizes=\"(max-width: 1024px) 100vw, 1024px\" \/><\/figure><div class=\"wp-block-media-text__content\">\n<h2 class=\"wp-block-heading\">Donera- tillsammans mot ensamhet i Grankulla.<\/h2>\n\n\n\n<p><strong>Din donation hj\u00e4lper att bek\u00e4mpa ensamhet i Grankulla.<\/strong> Int\u00e4kterna fr\u00e5n GraniAID och vinterjippot g\u00e5r till Grani N\u00e4rhj\u00e4lps arbete om st\u00f6der de som beh\u00f6ver s\u00e4llskap, st\u00f6d och trygghet i sin vardag.<\/p>\n\n\n\n<p>Grani N\u00e4rhj\u00e4lp rf hj\u00e4lper Grankullabor sedan 1989. M\u00e5let \u00e4r att f\u00f6rebygga kriser, ensamhet och isolering. <\/p>\n\n\n\n<p><strong>Du kan donera l\u00e4tt med MobilePay eller genom att g\u00f6ra en donation direkt till GraniAid konto.<\/strong> Varje donering, stor eller liten, \u00e4r viktig.<\/p>\n\n\n\n<div class=\"wp-block-buttons is-layout-flex wp-block-buttons-is-layout-flex\">\n<div class=\"wp-block-button\"><a class=\"wp-block-button__link wp-element-button\" href=\"https:\/\/graniaid.fi\/sv\/donera-till-3\/\">Donera<\/a><\/div>\n<\/div>\n<\/div><\/div>\n\n<hr class=\"wp-block-separator has-alpha-channel-opacity\"\/>\n\n<figure class=\"wp-block-image alignwide size-large\"><img loading=\"lazy\" decoding=\"async\" width=\"1024\" height=\"576\" src=\"https:\/\/graniaid.fi\/wp-content\/uploads\/2025\/10\/yhteistyo-web-vihrea-1024x576.png\" alt=\"\" class=\"wp-image-10369\" srcset=\"https:\/\/graniaid.fi\/wp-content\/uploads\/2025\/10\/yhteistyo-web-vihrea-1024x576.png 1024w, https:\/\/graniaid.fi\/wp-content\/uploads\/2025\/10\/yhteistyo-web-vihrea-300x169.png 300w, https:\/\/graniaid.fi\/wp-content\/uploads\/2025\/10\/yhteistyo-web-vihrea-768x432.png 768w, https:\/\/graniaid.fi\/wp-content\/uploads\/2025\/10\/yhteistyo-web-vihrea-1536x864.png 1536w, https:\/\/graniaid.fi\/wp-content\/uploads\/2025\/10\/yhteistyo-web-vihrea.png 1920w\" sizes=\"(max-width: 1024px) 100vw, 1024px\" \/><\/figure>\n\n<hr class=\"wp-block-separator has-alpha-channel-opacity\"\/>\n\n<h1 class=\"wp-block-heading has-text-align-center\"><strong>Tillsammans mot ensamhet!<\/strong><\/h1>\n\n<div class=\"wp-block-media-text alignwide is-stacked-on-mobile has-ast-global-color-4-background-color has-background\" style=\"border-style:none;border-width:0px\"><figure class=\"wp-block-media-text__media\"><img decoding=\"async\" src=\"https:\/\/graniaid.fi\/wp-content\/uploads\/2023\/08\/lahiapu-compress.png\" alt=\"\" class=\"wp-image-9412 size-full\"\/><\/figure><div class=\"wp-block-media-text__content\">\n<h3 class=\"wp-block-heading\"><strong>Int\u00e4kterna fr\u00e5n GraniAID och Vinterjippot anv\u00e4nds till Grani N\u00e4rhj\u00e4lps arbete f\u00f6r att f\u00f6rebygga ensamhet i Grankulla.<\/strong><\/h3>\n\n\n\n<p>Int\u00e4kterna som samlats g\u00e5r till v\u00e4lg\u00f6renhetsorganisationen Grani N\u00e4rhj\u00e4lps verksamhet Grani N\u00e4rh\u00e4lp rf insamlingstillst\u00e5nd RA\/2021\/57<\/p>\n\n\n\n<div class=\"wp-block-buttons is-layout-flex wp-block-buttons-is-layout-flex\">\n<div class=\"wp-block-button\"><a class=\"wp-block-button__link wp-element-button\" href=\"http:\/\/www.graninlahiapury.fi\">www.graninlahiapury.fi<\/a><\/div>\n<\/div>\n<\/div><\/div>\n\n<hr class=\"wp-block-separator has-alpha-channel-opacity\"\/>\n\n<h1 class=\"wp-block-heading has-text-align-center\"><strong>GraniAID och Vinterjippo i samarbete med:<\/strong><\/h1>\n\n<figure class=\"wp-block-image alignwide size-large is-style-default\"><img loading=\"lazy\" decoding=\"async\" width=\"1024\" height=\"379\" src=\"https:\/\/graniaid.fi\/wp-content\/uploads\/2026\/01\/sponssit-6-1024x379.png\" alt=\"\" class=\"wp-image-11389\" srcset=\"https:\/\/graniaid.fi\/wp-content\/uploads\/2026\/01\/sponssit-6-1024x379.png 1024w, https:\/\/graniaid.fi\/wp-content\/uploads\/2026\/01\/sponssit-6-300x111.png 300w, https:\/\/graniaid.fi\/wp-content\/uploads\/2026\/01\/sponssit-6-768x284.png 768w, https:\/\/graniaid.fi\/wp-content\/uploads\/2026\/01\/sponssit-6-1536x569.png 1536w, https:\/\/graniaid.fi\/wp-content\/uploads\/2026\/01\/sponssit-6.png 1920w\" sizes=\"(max-width: 1024px) 100vw, 1024px\" \/><\/figure>\n\n<hr class=\"wp-block-separator has-alpha-channel-opacity\"\/>\n","protected":false},"excerpt":{"rendered":"<p>GraniAID &amp; Vinterjippo-v\u00e4lg\u00f6renhetsevenemang Tillsammans mot ensamhet! GraniAID och Vinterjippo i samarbete med:<\/p>\n","protected":false},"author":5,"featured_media":11056,"parent":0,"menu_order":0,"comment_status":"closed","ping_status":"closed","template":"","meta":{"site-sidebar-layout":"default","site-content-layout":"","ast-site-content-layout":"default","site-content-style":"default","site-sidebar-style":"default","ast-global-header-display":"","ast-banner-title-visibility":"","ast-main-header-display":"","ast-hfb-above-header-display":"","ast-hfb-below-header-display":"","ast-hfb-mobile-header-display":"","site-post-title":"disabled","ast-breadcrumbs-content":"","ast-featured-img":"","footer-sml-layout":"","theme-transparent-header-meta":"","adv-header-id-meta":"","stick-header-meta":"","header-above-stick-meta":"","header-main-stick-meta":"","header-below-stick-meta":"","astra-migrate-meta-layouts":"default","ast-page-background-enabled":"default","ast-page-background-meta":{"desktop":{"background-color":"var(--ast-global-color-5)","background-image":"","background-repeat":"repeat","background-position":"center center","background-size":"auto","background-attachment":"scroll","background-type":"","background-media":"","overlay-type":"","overlay-color":"","overlay-opacity":"","overlay-gradient":""},"tablet":{"background-color":"","background-image":"","background-repeat":"repeat","background-position":"center center","background-size":"auto","background-attachment":"scroll","background-type":"","background-media":"","overlay-type":"","overlay-color":"","overlay-opacity":"","overlay-gradient":""},"mobile":{"background-color":"","background-image":"","background-repeat":"repeat","background-position":"center center","background-size":"auto","background-attachment":"scroll","background-type":"","background-media":"","overlay-type":"","overlay-color":"","overlay-opacity":"","overlay-gradient":""}},"ast-content-background-meta":{"desktop":{"background-color":"var(--ast-global-color-4)","background-image":"","background-repeat":"repeat","background-position":"center center","background-size":"auto","background-attachment":"scroll","background-type":"","background-media":"","overlay-type":"","overlay-color":"","overlay-opacity":"","overlay-gradient":""},"tablet":{"background-color":"var(--ast-global-color-4)","background-image":"","background-repeat":"repeat","background-position":"center center","background-size":"auto","background-attachment":"scroll","background-type":"","background-media":"","overlay-type":"","overlay-color":"","overlay-opacity":"","overlay-gradient":""},"mobile":{"background-color":"var(--ast-global-color-4)","background-image":"","background-repeat":"repeat","background-position":"center center","background-size":"auto","background-attachment":"scroll","background-type":"","background-media":"","overlay-type":"","overlay-color":"","overlay-opacity":"","overlay-gradient":""}},"footnotes":""},"class_list":["post-11028","page","type-page","status-publish","has-post-thumbnail","hentry"],"yoast_head":"<!-- This site is optimized with the Yoast SEO plugin v27.3 - https:\/\/yoast.com\/product\/yoast-seo-wordpress\/ -->\n<title>GraniAID och Vinterjippo -v\u00e4lg\u00f6renhetsevenemang - GraniAID<\/title>\n<meta name=\"description\" content=\"GraniAID och Vinterjippo \u00e4r \u00e5rliga v\u00e4lg\u00f6renhetsevenemang som ordnas i Grankulla f\u00f6r att samla in pengar till Grani N\u00e4rhj\u00e4lps arbete f\u00f6r att minska ensamheten i Grankulla.\" \/>\n<meta name=\"robots\" content=\"index, follow, max-snippet:-1, max-image-preview:large, max-video-preview:-1\" \/>\n<link rel=\"canonical\" href=\"https:\/\/graniaid.fi\/sv\/\" \/>\n<meta property=\"og:locale\" content=\"sv_SE\" \/>\n<meta property=\"og:type\" content=\"article\" \/>\n<meta property=\"og:title\" content=\"GraniAID och Vinterjippo -v\u00e4lg\u00f6renhetsevenemang - GraniAID\" \/>\n<meta property=\"og:description\" content=\"GraniAID och Vinterjippo \u00e4r \u00e5rliga v\u00e4lg\u00f6renhetsevenemang som ordnas i Grankulla f\u00f6r att samla in pengar till Grani N\u00e4rhj\u00e4lps arbete f\u00f6r att minska ensamheten i Grankulla.\" \/>\n<meta property=\"og:url\" content=\"https:\/\/graniaid.fi\/sv\/\" \/>\n<meta property=\"og:site_name\" content=\"GraniAID\" \/>\n<meta property=\"article:modified_time\" content=\"2026-01-30T20:17:20+00:00\" \/>\n<meta property=\"og:image\" content=\"https:\/\/graniaid.fi\/wp-content\/uploads\/2025\/11\/banneri-compress.png\" \/>\n\t<meta property=\"og:image:width\" content=\"1920\" \/>\n\t<meta property=\"og:image:height\" content=\"1080\" \/>\n\t<meta property=\"og:image:type\" content=\"image\/png\" \/>\n<meta name=\"twitter:card\" content=\"summary_large_image\" \/>\n<meta name=\"twitter:label1\" content=\"Ber\u00e4knad l\u00e4stid\" \/>\n\t<meta name=\"twitter:data1\" content=\"2 minuter\" \/>\n<script type=\"application\/ld+json\" class=\"yoast-schema-graph\">{\"@context\":\"https:\\\/\\\/schema.org\",\"@graph\":[{\"@type\":\"WebPage\",\"@id\":\"https:\\\/\\\/graniaid.fi\\\/sv\\\/\",\"url\":\"https:\\\/\\\/graniaid.fi\\\/sv\\\/\",\"name\":\"GraniAID och Vinterjippo -v\u00e4lg\u00f6renhetsevenemang - GraniAID\",\"isPartOf\":{\"@id\":\"https:\\\/\\\/graniaid.fi\\\/sv\\\/#website\"},\"primaryImageOfPage\":{\"@id\":\"https:\\\/\\\/graniaid.fi\\\/sv\\\/#primaryimage\"},\"image\":{\"@id\":\"https:\\\/\\\/graniaid.fi\\\/sv\\\/#primaryimage\"},\"thumbnailUrl\":\"https:\\\/\\\/graniaid.fi\\\/wp-content\\\/uploads\\\/2025\\\/11\\\/banneri-compress.png\",\"datePublished\":\"2025-11-25T10:43:09+00:00\",\"dateModified\":\"2026-01-30T20:17:20+00:00\",\"description\":\"GraniAID och Vinterjippo \u00e4r \u00e5rliga v\u00e4lg\u00f6renhetsevenemang som ordnas i Grankulla f\u00f6r att samla in pengar till Grani N\u00e4rhj\u00e4lps arbete f\u00f6r att minska ensamheten i Grankulla.\",\"breadcrumb\":{\"@id\":\"https:\\\/\\\/graniaid.fi\\\/sv\\\/#breadcrumb\"},\"inLanguage\":\"sv-SE\",\"potentialAction\":[{\"@type\":\"ReadAction\",\"target\":[\"https:\\\/\\\/graniaid.fi\\\/sv\\\/\"]}]},{\"@type\":\"ImageObject\",\"inLanguage\":\"sv-SE\",\"@id\":\"https:\\\/\\\/graniaid.fi\\\/sv\\\/#primaryimage\",\"url\":\"https:\\\/\\\/graniaid.fi\\\/wp-content\\\/uploads\\\/2025\\\/11\\\/banneri-compress.png\",\"contentUrl\":\"https:\\\/\\\/graniaid.fi\\\/wp-content\\\/uploads\\\/2025\\\/11\\\/banneri-compress.png\",\"width\":1920,\"height\":1080},{\"@type\":\"BreadcrumbList\",\"@id\":\"https:\\\/\\\/graniaid.fi\\\/sv\\\/#breadcrumb\",\"itemListElement\":[{\"@type\":\"ListItem\",\"position\":1,\"name\":\"Etusivu\",\"item\":\"https:\\\/\\\/graniaid.fi\\\/sv\\\/\"},{\"@type\":\"ListItem\",\"position\":2,\"name\":\"GraniAID och Vinterjippo -v\u00e4lg\u00f6renhetsevenemang\"}]},{\"@type\":\"WebSite\",\"@id\":\"https:\\\/\\\/graniaid.fi\\\/sv\\\/#website\",\"url\":\"https:\\\/\\\/graniaid.fi\\\/sv\\\/\",\"name\":\"GraniAID\",\"description\":\"Hyv\u00e4ntekev\u00e4isyystapahtuma\",\"publisher\":{\"@id\":\"https:\\\/\\\/graniaid.fi\\\/sv\\\/#organization\"},\"potentialAction\":[{\"@type\":\"SearchAction\",\"target\":{\"@type\":\"EntryPoint\",\"urlTemplate\":\"https:\\\/\\\/graniaid.fi\\\/sv\\\/?s={search_term_string}\"},\"query-input\":{\"@type\":\"PropertyValueSpecification\",\"valueRequired\":true,\"valueName\":\"search_term_string\"}}],\"inLanguage\":\"sv-SE\"},{\"@type\":\"Organization\",\"@id\":\"https:\\\/\\\/graniaid.fi\\\/sv\\\/#organization\",\"name\":\"GraniAID\",\"url\":\"https:\\\/\\\/graniaid.fi\\\/sv\\\/\",\"logo\":{\"@type\":\"ImageObject\",\"inLanguage\":\"sv-SE\",\"@id\":\"https:\\\/\\\/graniaid.fi\\\/sv\\\/#\\\/schema\\\/logo\\\/image\\\/\",\"url\":\"https:\\\/\\\/graniaid.fi\\\/wp-content\\\/uploads\\\/2023\\\/07\\\/graniaid_300.png\",\"contentUrl\":\"https:\\\/\\\/graniaid.fi\\\/wp-content\\\/uploads\\\/2023\\\/07\\\/graniaid_300.png\",\"width\":300,\"height\":300,\"caption\":\"GraniAID\"},\"image\":{\"@id\":\"https:\\\/\\\/graniaid.fi\\\/sv\\\/#\\\/schema\\\/logo\\\/image\\\/\"}}]}<\/script>\n<!-- \/ Yoast SEO plugin. -->","yoast_head_json":{"title":"GraniAID och Vinterjippo -v\u00e4lg\u00f6renhetsevenemang - GraniAID","description":"GraniAID och Vinterjippo \u00e4r \u00e5rliga v\u00e4lg\u00f6renhetsevenemang som ordnas i Grankulla f\u00f6r att samla in pengar till Grani N\u00e4rhj\u00e4lps arbete f\u00f6r att minska ensamheten i Grankulla.","robots":{"index":"index","follow":"follow","max-snippet":"max-snippet:-1","max-image-preview":"max-image-preview:large","max-video-preview":"max-video-preview:-1"},"canonical":"https:\/\/graniaid.fi\/sv\/","og_locale":"sv_SE","og_type":"article","og_title":"GraniAID och Vinterjippo -v\u00e4lg\u00f6renhetsevenemang - GraniAID","og_description":"GraniAID och Vinterjippo \u00e4r \u00e5rliga v\u00e4lg\u00f6renhetsevenemang som ordnas i Grankulla f\u00f6r att samla in pengar till Grani N\u00e4rhj\u00e4lps arbete f\u00f6r att minska ensamheten i Grankulla.","og_url":"https:\/\/graniaid.fi\/sv\/","og_site_name":"GraniAID","article_modified_time":"2026-01-30T20:17:20+00:00","og_image":[{"width":1920,"height":1080,"url":"https:\/\/graniaid.fi\/wp-content\/uploads\/2025\/11\/banneri-compress.png","type":"image\/png"}],"twitter_card":"summary_large_image","twitter_misc":{"Ber\u00e4knad l\u00e4stid":"2 minuter"},"schema":{"@context":"https:\/\/schema.org","@graph":[{"@type":"WebPage","@id":"https:\/\/graniaid.fi\/sv\/","url":"https:\/\/graniaid.fi\/sv\/","name":"GraniAID och Vinterjippo -v\u00e4lg\u00f6renhetsevenemang - GraniAID","isPartOf":{"@id":"https:\/\/graniaid.fi\/sv\/#website"},"primaryImageOfPage":{"@id":"https:\/\/graniaid.fi\/sv\/#primaryimage"},"image":{"@id":"https:\/\/graniaid.fi\/sv\/#primaryimage"},"thumbnailUrl":"https:\/\/graniaid.fi\/wp-content\/uploads\/2025\/11\/banneri-compress.png","datePublished":"2025-11-25T10:43:09+00:00","dateModified":"2026-01-30T20:17:20+00:00","description":"GraniAID och Vinterjippo \u00e4r \u00e5rliga v\u00e4lg\u00f6renhetsevenemang som ordnas i Grankulla f\u00f6r att samla in pengar till Grani N\u00e4rhj\u00e4lps arbete f\u00f6r att minska ensamheten i Grankulla.","breadcrumb":{"@id":"https:\/\/graniaid.fi\/sv\/#breadcrumb"},"inLanguage":"sv-SE","potentialAction":[{"@type":"ReadAction","target":["https:\/\/graniaid.fi\/sv\/"]}]},{"@type":"ImageObject","inLanguage":"sv-SE","@id":"https:\/\/graniaid.fi\/sv\/#primaryimage","url":"https:\/\/graniaid.fi\/wp-content\/uploads\/2025\/11\/banneri-compress.png","contentUrl":"https:\/\/graniaid.fi\/wp-content\/uploads\/2025\/11\/banneri-compress.png","width":1920,"height":1080},{"@type":"BreadcrumbList","@id":"https:\/\/graniaid.fi\/sv\/#breadcrumb","itemListElement":[{"@type":"ListItem","position":1,"name":"Etusivu","item":"https:\/\/graniaid.fi\/sv\/"},{"@type":"ListItem","position":2,"name":"GraniAID och Vinterjippo -v\u00e4lg\u00f6renhetsevenemang"}]},{"@type":"WebSite","@id":"https:\/\/graniaid.fi\/sv\/#website","url":"https:\/\/graniaid.fi\/sv\/","name":"GraniAID","description":"Hyv\u00e4ntekev\u00e4isyystapahtuma","publisher":{"@id":"https:\/\/graniaid.fi\/sv\/#organization"},"potentialAction":[{"@type":"SearchAction","target":{"@type":"EntryPoint","urlTemplate":"https:\/\/graniaid.fi\/sv\/?s={search_term_string}"},"query-input":{"@type":"PropertyValueSpecification","valueRequired":true,"valueName":"search_term_string"}}],"inLanguage":"sv-SE"},{"@type":"Organization","@id":"https:\/\/graniaid.fi\/sv\/#organization","name":"GraniAID","url":"https:\/\/graniaid.fi\/sv\/","logo":{"@type":"ImageObject","inLanguage":"sv-SE","@id":"https:\/\/graniaid.fi\/sv\/#\/schema\/logo\/image\/","url":"https:\/\/graniaid.fi\/wp-content\/uploads\/2023\/07\/graniaid_300.png","contentUrl":"https:\/\/graniaid.fi\/wp-content\/uploads\/2023\/07\/graniaid_300.png","width":300,"height":300,"caption":"GraniAID"},"image":{"@id":"https:\/\/graniaid.fi\/sv\/#\/schema\/logo\/image\/"}}]}},"_links":{"self":[{"href":"https:\/\/graniaid.fi\/sv\/wp-json\/wp\/v2\/pages\/11028","targetHints":{"allow":["GET"]}}],"collection":[{"href":"https:\/\/graniaid.fi\/sv\/wp-json\/wp\/v2\/pages"}],"about":[{"href":"https:\/\/graniaid.fi\/sv\/wp-json\/wp\/v2\/types\/page"}],"author":[{"embeddable":true,"href":"https:\/\/graniaid.fi\/sv\/wp-json\/wp\/v2\/users\/5"}],"replies":[{"embeddable":true,"href":"https:\/\/graniaid.fi\/sv\/wp-json\/wp\/v2\/comments?post=11028"}],"version-history":[{"count":42,"href":"https:\/\/graniaid.fi\/sv\/wp-json\/wp\/v2\/pages\/11028\/revisions"}],"predecessor-version":[{"id":11394,"href":"https:\/\/graniaid.fi\/sv\/wp-json\/wp\/v2\/pages\/11028\/revisions\/11394"}],"wp:featuredmedia":[{"embeddable":true,"href":"https:\/\/graniaid.fi\/sv\/wp-json\/wp\/v2\/media\/11056"}],"wp:attachment":[{"href":"https:\/\/graniaid.fi\/sv\/wp-json\/wp\/v2\/media?parent=11028"}],"curies":[{"name":"wp","href":"https:\/\/api.w.org\/{rel}","templated":true}]}}