{"id":11089,"date":"2025-11-25T14:02:52","date_gmt":"2025-11-25T12:02:52","guid":{"rendered":"https:\/\/graniaid.fi\/valgorenhetsevenemanget-winter-drive-31-1-2026\/"},"modified":"2026-01-06T14:53:22","modified_gmt":"2026-01-06T12:53:22","slug":"valgorenhetsevenemanget-winter-drive-31-1-2026","status":"publish","type":"page","link":"https:\/\/graniaid.fi\/sv\/valgorenhetsevenemanget-winter-drive-31-1-2026\/","title":{"rendered":"Vinterjippo 31.1.2026"},"content":{"rendered":"\n<h1 class=\"wp-block-heading\">Vinterjippo 31.1.2026<\/h1>\n\n<h5 class=\"wp-block-heading\">N\u00e4r: 31.1.2026 | kl. 10.00-16.00<br\/>Var: Ungdomsg\u00e5rden, Grankulla<br\/>Varf\u00f6r: Ett v\u00e4lg\u00f6renhetsevenemang f\u00f6r hela familjen<br\/>Pris: 17\u20ac (Arne Alligator)<\/h5>\n\n<div class=\"wp-block-buttons is-layout-flex wp-block-buttons-is-layout-flex\">\n<div class=\"wp-block-button\"><a class=\"wp-block-button__link wp-element-button\" href=\"&lt;!--[CDATA[https:\/\/www.eventim-light.com\/fi\/a\/68f0bc94e31d1c4adc3a9806]]--&gt;\"><strong>K\u00f6p biljetter nu!<\/strong><\/a><\/div>\n<\/div>\n\n<p><strong>L\u00f6rdagen den 31.1. intar Vintejippot Grankulla ungdomsg\u00e5rd och dess g\u00e5rdsplan och bjuder hela familjen p\u00e5 vinterunderh\u00e5llning, aktiviteter och god st\u00e4mning.<\/strong> Arne Alligator upptr\u00e4der p\u00e5 Ungdomsg\u00e5rden med tre fartfyllda uppvisningar (kl.11.00, 13.00 och 15.00) och p\u00e5 g\u00e5rden ordnas olika aktiviteter som ponnyridning, korvgrillning och m\u00f6jlighet bekanta sig med en \u00e4kta FBK brandbil.<\/p>\n\n<p>Evenemanget \u00e4r \u00f6ppet och gratis f\u00f6r alla bes\u00f6kare, och det \u00e4r fri entr\u00e9 till omr\u00e5det. F\u00f6rest\u00e4llningarna med Arne Alligator \u00e4r biljettbelagda, och genom att k\u00f6pa en biljett st\u00f6der du samtidigt v\u00e4lg\u00f6renhet.<\/p>\n\n<figure class=\"wp-block-image alignwide size-large\"><img fetchpriority=\"high\" decoding=\"async\" width=\"1024\" height=\"576\" src=\"https:\/\/graniaid.fi\/wp-content\/uploads\/2025\/11\/aarne-banneri-2-1024x576.png\" alt=\"\" class=\"wp-image-11233\" srcset=\"https:\/\/graniaid.fi\/wp-content\/uploads\/2025\/11\/aarne-banneri-2-1024x576.png 1024w, https:\/\/graniaid.fi\/wp-content\/uploads\/2025\/11\/aarne-banneri-2-300x169.png 300w, https:\/\/graniaid.fi\/wp-content\/uploads\/2025\/11\/aarne-banneri-2-768x432.png 768w, https:\/\/graniaid.fi\/wp-content\/uploads\/2025\/11\/aarne-banneri-2-1536x864.png 1536w, https:\/\/graniaid.fi\/wp-content\/uploads\/2025\/11\/aarne-banneri-2.png 1920w\" sizes=\"(max-width: 1024px) 100vw, 1024px\" \/><\/figure>\n\n<p>Alla int\u00e4kter fr\u00e5n vinterjippot g\u00e5r oavkortat till Grani N\u00e4rhj\u00e4lp rf som str\u00e4var till att f\u00f6rebygga ensamhet i Grankulla. F\u00f6r mer information om Grani N\u00e4rhj\u00e4lp, bes\u00f6k <a href=\"http:\/\/www.graninlahiapury.fi\/\" target=\"_blank\" rel=\"noreferrer noopener\">www.graninlahiapury.fi.<\/a> <\/p>\n\n<h3 class=\"wp-block-heading\"><strong>Tillsammans mot ensamhet<\/strong><\/h3>\n\n<p>Vinterloppet \u00e4r inte bara ett evenemang &#8211; det \u00e4r ett l\u00f6fte om att Grankulla kommun bryr sig. Var med och fyll Ungdomens Hus med musik, gl\u00e4dje och goda avsikter.<\/p>\n\n<hr class=\"wp-block-separator has-alpha-channel-opacity\"\/>\n\n<h5 class=\"wp-block-heading\">F\u00f6r mer information om evenemanget:<br\/>Antti Harsunen,<br\/>040 6879090,<br\/>antti.harsunen@gmail.com<\/h5>\n\n<p><\/p>\n\n<p><\/p>\n\n<p><\/p>\n","protected":false},"excerpt":{"rendered":"<p>Vinterjippo 31.1.2026 N\u00e4r: 31.1.2026 | kl. 10.00-16.00Var: Ungdomsg\u00e5rden, GrankullaVarf\u00f6r: Ett v\u00e4lg\u00f6renhetsevenemang f\u00f6r hela familjenPris: 17\u20ac (Arne Alligator) L\u00f6rdagen den 31.1. intar Vintejippot Grankulla ungdomsg\u00e5rd och dess g\u00e5rdsplan och bjuder hela [&hellip;]<\/p>\n","protected":false},"author":5,"featured_media":10826,"parent":0,"menu_order":0,"comment_status":"closed","ping_status":"closed","template":"","meta":{"site-sidebar-layout":"default","site-content-layout":"","ast-site-content-layout":"default","site-content-style":"default","site-sidebar-style":"default","ast-global-header-display":"","ast-banner-title-visibility":"","ast-main-header-display":"","ast-hfb-above-header-display":"","ast-hfb-below-header-display":"","ast-hfb-mobile-header-display":"","site-post-title":"disabled","ast-breadcrumbs-content":"","ast-featured-img":"","footer-sml-layout":"","theme-transparent-header-meta":"","adv-header-id-meta":"","stick-header-meta":"","header-above-stick-meta":"","header-main-stick-meta":"","header-below-stick-meta":"","astra-migrate-meta-layouts":"default","ast-page-background-enabled":"default","ast-page-background-meta":{"desktop":{"background-color":"var(--ast-global-color-5)","background-image":"","background-repeat":"repeat","background-position":"center center","background-size":"auto","background-attachment":"scroll","background-type":"","background-media":"","overlay-type":"","overlay-color":"","overlay-opacity":"","overlay-gradient":""},"tablet":{"background-color":"","background-image":"","background-repeat":"repeat","background-position":"center center","background-size":"auto","background-attachment":"scroll","background-type":"","background-media":"","overlay-type":"","overlay-color":"","overlay-opacity":"","overlay-gradient":""},"mobile":{"background-color":"","background-image":"","background-repeat":"repeat","background-position":"center center","background-size":"auto","background-attachment":"scroll","background-type":"","background-media":"","overlay-type":"","overlay-color":"","overlay-opacity":"","overlay-gradient":""}},"ast-content-background-meta":{"desktop":{"background-color":"var(--ast-global-color-4)","background-image":"","background-repeat":"repeat","background-position":"center center","background-size":"auto","background-attachment":"scroll","background-type":"","background-media":"","overlay-type":"","overlay-color":"","overlay-opacity":"","overlay-gradient":""},"tablet":{"background-color":"var(--ast-global-color-4)","background-image":"","background-repeat":"repeat","background-position":"center center","background-size":"auto","background-attachment":"scroll","background-type":"","background-media":"","overlay-type":"","overlay-color":"","overlay-opacity":"","overlay-gradient":""},"mobile":{"background-color":"var(--ast-global-color-4)","background-image":"","background-repeat":"repeat","background-position":"center center","background-size":"auto","background-attachment":"scroll","background-type":"","background-media":"","overlay-type":"","overlay-color":"","overlay-opacity":"","overlay-gradient":""}},"footnotes":""},"class_list":["post-11089","page","type-page","status-publish","has-post-thumbnail","hentry"],"yoast_head":"<!-- This site is optimized with the Yoast SEO plugin v27.3 - https:\/\/yoast.com\/product\/yoast-seo-wordpress\/ -->\n<title>Vinterjippo 31.1.2026 - GraniAID<\/title>\n<meta name=\"description\" content=\"Vinterjippot intar Ungdomsg\u00e5rden i Grankulla och dess g\u00e5rdsomr\u00e5de l\u00f6rdagen den 31 januari och bjuder hela familjen p\u00e5 vintergl\u00e4dje, aktiviteter och gott hum\u00f6r. Arne Alligator upptr\u00e4der p\u00e5 Ungdomsg\u00e5rden med tre fartfyllda konserter (kl. 11.00, 13.00 och 15.00), och p\u00e5 g\u00e5rden finns det gott om aktiviteter \u2013 fr\u00e5n ponnyridning till korvgrillning och m\u00f6jlighet att bekanta sig med frivilliga brandk\u00e5rens fordon.\" \/>\n<meta name=\"robots\" content=\"index, follow, max-snippet:-1, max-image-preview:large, max-video-preview:-1\" \/>\n<link rel=\"canonical\" href=\"https:\/\/graniaid.fi\/sv\/valgorenhetsevenemanget-winter-drive-31-1-2026\/\" \/>\n<meta property=\"og:locale\" content=\"sv_SE\" \/>\n<meta property=\"og:type\" content=\"article\" \/>\n<meta property=\"og:title\" content=\"Vinterjippo v\u00e4lg\u00f6renhetsevenemang 31.1.2026\" \/>\n<meta property=\"og:description\" content=\"Vinterjippot intar Ungdomsg\u00e5rden i Grankulla och dess g\u00e5rdsomr\u00e5de l\u00f6rdagen den 31 januari och bjuder hela familjen p\u00e5 vintergl\u00e4dje, aktiviteter och gott hum\u00f6r. Arne Alligator upptr\u00e4der p\u00e5 Ungdomsg\u00e5rden med tre fartfyllda konserter (kl. 11.00, 13.00 och 15.00), och p\u00e5 g\u00e5rden finns det gott om aktiviteter \u2013 fr\u00e5n ponnyridning till korvgrillning och m\u00f6jlighet att bekanta sig med frivilliga brandk\u00e5rens fordon.\" \/>\n<meta property=\"og:url\" content=\"https:\/\/graniaid.fi\/sv\/valgorenhetsevenemanget-winter-drive-31-1-2026\/\" \/>\n<meta property=\"og:site_name\" content=\"GraniAID\" \/>\n<meta property=\"article:modified_time\" content=\"2026-01-06T12:53:22+00:00\" \/>\n<meta property=\"og:image\" content=\"https:\/\/graniaid.fi\/wp-content\/uploads\/2025\/11\/Talvirieha-1080-x-1920-1024x576.png\" \/>\n<meta name=\"twitter:card\" content=\"summary_large_image\" \/>\n<meta name=\"twitter:label1\" content=\"Ber\u00e4knad l\u00e4stid\" \/>\n\t<meta name=\"twitter:data1\" content=\"1 minut\" \/>\n<script type=\"application\/ld+json\" class=\"yoast-schema-graph\">{\"@context\":\"https:\\\/\\\/schema.org\",\"@graph\":[{\"@type\":\"WebPage\",\"@id\":\"https:\\\/\\\/graniaid.fi\\\/sv\\\/valgorenhetsevenemanget-winter-drive-31-1-2026\\\/\",\"url\":\"https:\\\/\\\/graniaid.fi\\\/sv\\\/valgorenhetsevenemanget-winter-drive-31-1-2026\\\/\",\"name\":\"Vinterjippo 31.1.2026 - GraniAID\",\"isPartOf\":{\"@id\":\"https:\\\/\\\/graniaid.fi\\\/sv\\\/#website\"},\"primaryImageOfPage\":{\"@id\":\"https:\\\/\\\/graniaid.fi\\\/sv\\\/valgorenhetsevenemanget-winter-drive-31-1-2026\\\/#primaryimage\"},\"image\":{\"@id\":\"https:\\\/\\\/graniaid.fi\\\/sv\\\/valgorenhetsevenemanget-winter-drive-31-1-2026\\\/#primaryimage\"},\"thumbnailUrl\":\"https:\\\/\\\/graniaid.fi\\\/wp-content\\\/uploads\\\/2025\\\/11\\\/Talvirieha-1080-x-1920-compress.png\",\"datePublished\":\"2025-11-25T12:02:52+00:00\",\"dateModified\":\"2026-01-06T12:53:22+00:00\",\"description\":\"Vinterjippot intar Ungdomsg\u00e5rden i Grankulla och dess g\u00e5rdsomr\u00e5de l\u00f6rdagen den 31 januari och bjuder hela familjen p\u00e5 vintergl\u00e4dje, aktiviteter och gott hum\u00f6r. Arne Alligator upptr\u00e4der p\u00e5 Ungdomsg\u00e5rden med tre fartfyllda konserter (kl. 11.00, 13.00 och 15.00), och p\u00e5 g\u00e5rden finns det gott om aktiviteter \u2013 fr\u00e5n ponnyridning till korvgrillning och m\u00f6jlighet att bekanta sig med frivilliga brandk\u00e5rens fordon.\",\"breadcrumb\":{\"@id\":\"https:\\\/\\\/graniaid.fi\\\/sv\\\/valgorenhetsevenemanget-winter-drive-31-1-2026\\\/#breadcrumb\"},\"inLanguage\":\"sv-SE\",\"potentialAction\":[{\"@type\":\"ReadAction\",\"target\":[\"https:\\\/\\\/graniaid.fi\\\/sv\\\/valgorenhetsevenemanget-winter-drive-31-1-2026\\\/\"]}]},{\"@type\":\"ImageObject\",\"inLanguage\":\"sv-SE\",\"@id\":\"https:\\\/\\\/graniaid.fi\\\/sv\\\/valgorenhetsevenemanget-winter-drive-31-1-2026\\\/#primaryimage\",\"url\":\"https:\\\/\\\/graniaid.fi\\\/wp-content\\\/uploads\\\/2025\\\/11\\\/Talvirieha-1080-x-1920-compress.png\",\"contentUrl\":\"https:\\\/\\\/graniaid.fi\\\/wp-content\\\/uploads\\\/2025\\\/11\\\/Talvirieha-1080-x-1920-compress.png\",\"width\":1920,\"height\":1080},{\"@type\":\"BreadcrumbList\",\"@id\":\"https:\\\/\\\/graniaid.fi\\\/sv\\\/valgorenhetsevenemanget-winter-drive-31-1-2026\\\/#breadcrumb\",\"itemListElement\":[{\"@type\":\"ListItem\",\"position\":1,\"name\":\"Etusivu\",\"item\":\"https:\\\/\\\/graniaid.fi\\\/sv\\\/\"},{\"@type\":\"ListItem\",\"position\":2,\"name\":\"Vinterjippo 31.1.2026\"}]},{\"@type\":\"WebSite\",\"@id\":\"https:\\\/\\\/graniaid.fi\\\/sv\\\/#website\",\"url\":\"https:\\\/\\\/graniaid.fi\\\/sv\\\/\",\"name\":\"GraniAID\",\"description\":\"Hyv\u00e4ntekev\u00e4isyystapahtuma\",\"publisher\":{\"@id\":\"https:\\\/\\\/graniaid.fi\\\/sv\\\/#organization\"},\"potentialAction\":[{\"@type\":\"SearchAction\",\"target\":{\"@type\":\"EntryPoint\",\"urlTemplate\":\"https:\\\/\\\/graniaid.fi\\\/sv\\\/?s={search_term_string}\"},\"query-input\":{\"@type\":\"PropertyValueSpecification\",\"valueRequired\":true,\"valueName\":\"search_term_string\"}}],\"inLanguage\":\"sv-SE\"},{\"@type\":\"Organization\",\"@id\":\"https:\\\/\\\/graniaid.fi\\\/sv\\\/#organization\",\"name\":\"GraniAID\",\"url\":\"https:\\\/\\\/graniaid.fi\\\/sv\\\/\",\"logo\":{\"@type\":\"ImageObject\",\"inLanguage\":\"sv-SE\",\"@id\":\"https:\\\/\\\/graniaid.fi\\\/sv\\\/#\\\/schema\\\/logo\\\/image\\\/\",\"url\":\"https:\\\/\\\/graniaid.fi\\\/wp-content\\\/uploads\\\/2023\\\/07\\\/graniaid_300.png\",\"contentUrl\":\"https:\\\/\\\/graniaid.fi\\\/wp-content\\\/uploads\\\/2023\\\/07\\\/graniaid_300.png\",\"width\":300,\"height\":300,\"caption\":\"GraniAID\"},\"image\":{\"@id\":\"https:\\\/\\\/graniaid.fi\\\/sv\\\/#\\\/schema\\\/logo\\\/image\\\/\"}}]}<\/script>\n<!-- \/ Yoast SEO plugin. -->","yoast_head_json":{"title":"Vinterjippo 31.1.2026 - GraniAID","description":"Vinterjippot intar Ungdomsg\u00e5rden i Grankulla och dess g\u00e5rdsomr\u00e5de l\u00f6rdagen den 31 januari och bjuder hela familjen p\u00e5 vintergl\u00e4dje, aktiviteter och gott hum\u00f6r. Arne Alligator upptr\u00e4der p\u00e5 Ungdomsg\u00e5rden med tre fartfyllda konserter (kl. 11.00, 13.00 och 15.00), och p\u00e5 g\u00e5rden finns det gott om aktiviteter \u2013 fr\u00e5n ponnyridning till korvgrillning och m\u00f6jlighet att bekanta sig med frivilliga brandk\u00e5rens fordon.","robots":{"index":"index","follow":"follow","max-snippet":"max-snippet:-1","max-image-preview":"max-image-preview:large","max-video-preview":"max-video-preview:-1"},"canonical":"https:\/\/graniaid.fi\/sv\/valgorenhetsevenemanget-winter-drive-31-1-2026\/","og_locale":"sv_SE","og_type":"article","og_title":"Vinterjippo v\u00e4lg\u00f6renhetsevenemang 31.1.2026","og_description":"Vinterjippot intar Ungdomsg\u00e5rden i Grankulla och dess g\u00e5rdsomr\u00e5de l\u00f6rdagen den 31 januari och bjuder hela familjen p\u00e5 vintergl\u00e4dje, aktiviteter och gott hum\u00f6r. Arne Alligator upptr\u00e4der p\u00e5 Ungdomsg\u00e5rden med tre fartfyllda konserter (kl. 11.00, 13.00 och 15.00), och p\u00e5 g\u00e5rden finns det gott om aktiviteter \u2013 fr\u00e5n ponnyridning till korvgrillning och m\u00f6jlighet att bekanta sig med frivilliga brandk\u00e5rens fordon.","og_url":"https:\/\/graniaid.fi\/sv\/valgorenhetsevenemanget-winter-drive-31-1-2026\/","og_site_name":"GraniAID","article_modified_time":"2026-01-06T12:53:22+00:00","og_image":[{"url":"https:\/\/graniaid.fi\/wp-content\/uploads\/2025\/11\/Talvirieha-1080-x-1920-1024x576.png","type":"","width":"","height":""}],"twitter_card":"summary_large_image","twitter_misc":{"Ber\u00e4knad l\u00e4stid":"1 minut"},"schema":{"@context":"https:\/\/schema.org","@graph":[{"@type":"WebPage","@id":"https:\/\/graniaid.fi\/sv\/valgorenhetsevenemanget-winter-drive-31-1-2026\/","url":"https:\/\/graniaid.fi\/sv\/valgorenhetsevenemanget-winter-drive-31-1-2026\/","name":"Vinterjippo 31.1.2026 - GraniAID","isPartOf":{"@id":"https:\/\/graniaid.fi\/sv\/#website"},"primaryImageOfPage":{"@id":"https:\/\/graniaid.fi\/sv\/valgorenhetsevenemanget-winter-drive-31-1-2026\/#primaryimage"},"image":{"@id":"https:\/\/graniaid.fi\/sv\/valgorenhetsevenemanget-winter-drive-31-1-2026\/#primaryimage"},"thumbnailUrl":"https:\/\/graniaid.fi\/wp-content\/uploads\/2025\/11\/Talvirieha-1080-x-1920-compress.png","datePublished":"2025-11-25T12:02:52+00:00","dateModified":"2026-01-06T12:53:22+00:00","description":"Vinterjippot intar Ungdomsg\u00e5rden i Grankulla och dess g\u00e5rdsomr\u00e5de l\u00f6rdagen den 31 januari och bjuder hela familjen p\u00e5 vintergl\u00e4dje, aktiviteter och gott hum\u00f6r. Arne Alligator upptr\u00e4der p\u00e5 Ungdomsg\u00e5rden med tre fartfyllda konserter (kl. 11.00, 13.00 och 15.00), och p\u00e5 g\u00e5rden finns det gott om aktiviteter \u2013 fr\u00e5n ponnyridning till korvgrillning och m\u00f6jlighet att bekanta sig med frivilliga brandk\u00e5rens fordon.","breadcrumb":{"@id":"https:\/\/graniaid.fi\/sv\/valgorenhetsevenemanget-winter-drive-31-1-2026\/#breadcrumb"},"inLanguage":"sv-SE","potentialAction":[{"@type":"ReadAction","target":["https:\/\/graniaid.fi\/sv\/valgorenhetsevenemanget-winter-drive-31-1-2026\/"]}]},{"@type":"ImageObject","inLanguage":"sv-SE","@id":"https:\/\/graniaid.fi\/sv\/valgorenhetsevenemanget-winter-drive-31-1-2026\/#primaryimage","url":"https:\/\/graniaid.fi\/wp-content\/uploads\/2025\/11\/Talvirieha-1080-x-1920-compress.png","contentUrl":"https:\/\/graniaid.fi\/wp-content\/uploads\/2025\/11\/Talvirieha-1080-x-1920-compress.png","width":1920,"height":1080},{"@type":"BreadcrumbList","@id":"https:\/\/graniaid.fi\/sv\/valgorenhetsevenemanget-winter-drive-31-1-2026\/#breadcrumb","itemListElement":[{"@type":"ListItem","position":1,"name":"Etusivu","item":"https:\/\/graniaid.fi\/sv\/"},{"@type":"ListItem","position":2,"name":"Vinterjippo 31.1.2026"}]},{"@type":"WebSite","@id":"https:\/\/graniaid.fi\/sv\/#website","url":"https:\/\/graniaid.fi\/sv\/","name":"GraniAID","description":"Hyv\u00e4ntekev\u00e4isyystapahtuma","publisher":{"@id":"https:\/\/graniaid.fi\/sv\/#organization"},"potentialAction":[{"@type":"SearchAction","target":{"@type":"EntryPoint","urlTemplate":"https:\/\/graniaid.fi\/sv\/?s={search_term_string}"},"query-input":{"@type":"PropertyValueSpecification","valueRequired":true,"valueName":"search_term_string"}}],"inLanguage":"sv-SE"},{"@type":"Organization","@id":"https:\/\/graniaid.fi\/sv\/#organization","name":"GraniAID","url":"https:\/\/graniaid.fi\/sv\/","logo":{"@type":"ImageObject","inLanguage":"sv-SE","@id":"https:\/\/graniaid.fi\/sv\/#\/schema\/logo\/image\/","url":"https:\/\/graniaid.fi\/wp-content\/uploads\/2023\/07\/graniaid_300.png","contentUrl":"https:\/\/graniaid.fi\/wp-content\/uploads\/2023\/07\/graniaid_300.png","width":300,"height":300,"caption":"GraniAID"},"image":{"@id":"https:\/\/graniaid.fi\/sv\/#\/schema\/logo\/image\/"}}]}},"_links":{"self":[{"href":"https:\/\/graniaid.fi\/sv\/wp-json\/wp\/v2\/pages\/11089","targetHints":{"allow":["GET"]}}],"collection":[{"href":"https:\/\/graniaid.fi\/sv\/wp-json\/wp\/v2\/pages"}],"about":[{"href":"https:\/\/graniaid.fi\/sv\/wp-json\/wp\/v2\/types\/page"}],"author":[{"embeddable":true,"href":"https:\/\/graniaid.fi\/sv\/wp-json\/wp\/v2\/users\/5"}],"replies":[{"embeddable":true,"href":"https:\/\/graniaid.fi\/sv\/wp-json\/wp\/v2\/comments?post=11089"}],"version-history":[{"count":25,"href":"https:\/\/graniaid.fi\/sv\/wp-json\/wp\/v2\/pages\/11089\/revisions"}],"predecessor-version":[{"id":11336,"href":"https:\/\/graniaid.fi\/sv\/wp-json\/wp\/v2\/pages\/11089\/revisions\/11336"}],"wp:featuredmedia":[{"embeddable":true,"href":"https:\/\/graniaid.fi\/sv\/wp-json\/wp\/v2\/media\/10826"}],"wp:attachment":[{"href":"https:\/\/graniaid.fi\/sv\/wp-json\/wp\/v2\/media?parent=11089"}],"curies":[{"name":"wp","href":"https:\/\/api.w.org\/{rel}","templated":true}]}}