{"id":11262,"date":"2025-11-26T13:16:40","date_gmt":"2025-11-26T11:16:40","guid":{"rendered":"https:\/\/graniaid.fi\/donera-till-3\/"},"modified":"2026-01-06T14:46:31","modified_gmt":"2026-01-06T12:46:31","slug":"donera-till-3","status":"publish","type":"page","link":"https:\/\/graniaid.fi\/sv\/donera-till-3\/","title":{"rendered":"Donera"},"content":{"rendered":"\n<h1 class=\"wp-block-heading\">Donera &#8211; hj\u00e4lp till att minska ensamheten i Grankulla<\/h1>\n\n<p><strong>Int\u00e4kterna fr\u00e5n GraniAID och Vinterjippo kommer att anv\u00e4ndas f\u00f6r att st\u00f6dja Grani N\u00e4rhj\u00e4lps arbete f\u00f6r att minska ensamheten i Grankulla.<\/strong>  Varje donation, stor eller liten, hj\u00e4lper oss att st\u00f6dja dem som beh\u00f6ver s\u00e4llskap, st\u00f6d och trygghet i sin vardag.<\/p>\n\n<p>Grani N\u00e4rhj\u00e4lp rf grundades 1989 och erbjuder gratis hj\u00e4lp av frivilliga i Grankulla. F\u00f6reningens m\u00e5l \u00e4r att f\u00f6rebygga kriser, ensamhet och utslagning. F\u00f6reningen spelar en viktig roll i fr\u00e4mjandet av stadens v\u00e4lbefinnande och h\u00e4lsa genom att dagligen arbeta i inv\u00e5narnas vardag.  <\/p>\n\n<hr class=\"wp-block-separator has-alpha-channel-opacity\"\/>\n\n<div class=\"wp-block-media-text is-stacked-on-mobile\"><figure class=\"wp-block-media-text__media\"><img fetchpriority=\"high\" decoding=\"async\" width=\"1024\" height=\"1024\" src=\"https:\/\/graniaid.fi\/wp-content\/uploads\/2025\/11\/YHDESSA-YKSINAISYYTTA-VASTAAN-Facebook-video-1024x1024.png\" alt=\"\" class=\"wp-image-11241 size-full\" srcset=\"https:\/\/graniaid.fi\/wp-content\/uploads\/2025\/11\/YHDESSA-YKSINAISYYTTA-VASTAAN-Facebook-video-1024x1024.png 1024w, https:\/\/graniaid.fi\/wp-content\/uploads\/2025\/11\/YHDESSA-YKSINAISYYTTA-VASTAAN-Facebook-video-300x300.png 300w, https:\/\/graniaid.fi\/wp-content\/uploads\/2025\/11\/YHDESSA-YKSINAISYYTTA-VASTAAN-Facebook-video-150x150.png 150w, https:\/\/graniaid.fi\/wp-content\/uploads\/2025\/11\/YHDESSA-YKSINAISYYTTA-VASTAAN-Facebook-video-768x768.png 768w, https:\/\/graniaid.fi\/wp-content\/uploads\/2025\/11\/YHDESSA-YKSINAISYYTTA-VASTAAN-Facebook-video.png 1080w\" sizes=\"(max-width: 1024px) 100vw, 1024px\" \/><\/figure><div class=\"wp-block-media-text__content\">\n<h2 class=\"wp-block-heading\">Donera enkelt med MobilePay<\/h2>\n\n\n\n<h4 class=\"wp-block-heading\"><strong>Du<\/strong> kan donera via MobilePay:<br\/><br\/>MobilePay-nummer: 44 184<br\/>Meddelande: GraniAID-donation<\/h4>\n\n\n\n<p>Tillsammans kan vi se till att ingen l\u00e4mnas ensam.<br\/><br\/>V\u00e5rt tillst\u00e5nd f\u00f6r penninginsamling: RA\/2021\/577<\/p>\n<\/div><\/div>\n\n<hr class=\"wp-block-separator has-alpha-channel-opacity\"\/>\n\n<div class=\"wp-block-media-text is-stacked-on-mobile\"><figure class=\"wp-block-media-text__media\"><img decoding=\"async\" width=\"1024\" height=\"1024\" src=\"https:\/\/graniaid.fi\/wp-content\/uploads\/2025\/11\/bank-1024x1024.png\" alt=\"\" class=\"wp-image-11244 size-full\" srcset=\"https:\/\/graniaid.fi\/wp-content\/uploads\/2025\/11\/bank-1024x1024.png 1024w, https:\/\/graniaid.fi\/wp-content\/uploads\/2025\/11\/bank-300x300.png 300w, https:\/\/graniaid.fi\/wp-content\/uploads\/2025\/11\/bank-150x150.png 150w, https:\/\/graniaid.fi\/wp-content\/uploads\/2025\/11\/bank-768x768.png 768w, https:\/\/graniaid.fi\/wp-content\/uploads\/2025\/11\/bank.png 1080w\" sizes=\"(max-width: 1024px) 100vw, 1024px\" \/><\/figure><div class=\"wp-block-media-text__content\">\n<h2 class=\"wp-block-heading\">Donera direkt till kontot<\/h2>\n\n\n\n<h4 class=\"wp-block-heading\">Donera det belopp du vill ha direkt till f\u00f6reningens konto:<br\/><br\/><strong>Granin L\u00e4hiapu ry<\/strong><br\/>AKTIA FI5940552920108638<br\/>REFERENCE 1009<\/h4>\n\n\n\n<p>Tillsammans kan vi se till att ingen l\u00e4mnas ensam.<br\/><br\/>V\u00e5rt tillst\u00e5nd f\u00f6r penninginsamling: RA\/2021\/577<\/p>\n<\/div><\/div>\n\n<hr class=\"wp-block-separator has-alpha-channel-opacity\"\/>\n\n<h5 class=\"wp-block-heading\">F\u00f6r mer information om evenemanget:<br\/>Antti Harsunen,<br\/>040 6879090,<br\/>antti.harsunen@gmail.com<\/h5>\n\n<p><\/p>\n","protected":false},"excerpt":{"rendered":"<p>Donera &#8211; hj\u00e4lp till att minska ensamheten i Grankulla Int\u00e4kterna fr\u00e5n GraniAID och Vinterjippo kommer att anv\u00e4ndas f\u00f6r att st\u00f6dja Grani N\u00e4rhj\u00e4lps arbete f\u00f6r att minska ensamheten i Grankulla. Varje [&hellip;]<\/p>\n","protected":false},"author":5,"featured_media":11250,"parent":0,"menu_order":0,"comment_status":"closed","ping_status":"closed","template":"","meta":{"site-sidebar-layout":"default","site-content-layout":"","ast-site-content-layout":"default","site-content-style":"default","site-sidebar-style":"default","ast-global-header-display":"","ast-banner-title-visibility":"","ast-main-header-display":"","ast-hfb-above-header-display":"","ast-hfb-below-header-display":"","ast-hfb-mobile-header-display":"","site-post-title":"disabled","ast-breadcrumbs-content":"","ast-featured-img":"","footer-sml-layout":"","theme-transparent-header-meta":"","adv-header-id-meta":"","stick-header-meta":"","header-above-stick-meta":"","header-main-stick-meta":"","header-below-stick-meta":"","astra-migrate-meta-layouts":"default","ast-page-background-enabled":"default","ast-page-background-meta":{"desktop":{"background-color":"var(--ast-global-color-5)","background-image":"","background-repeat":"repeat","background-position":"center center","background-size":"auto","background-attachment":"scroll","background-type":"","background-media":"","overlay-type":"","overlay-color":"","overlay-opacity":"","overlay-gradient":""},"tablet":{"background-color":"","background-image":"","background-repeat":"repeat","background-position":"center center","background-size":"auto","background-attachment":"scroll","background-type":"","background-media":"","overlay-type":"","overlay-color":"","overlay-opacity":"","overlay-gradient":""},"mobile":{"background-color":"","background-image":"","background-repeat":"repeat","background-position":"center center","background-size":"auto","background-attachment":"scroll","background-type":"","background-media":"","overlay-type":"","overlay-color":"","overlay-opacity":"","overlay-gradient":""}},"ast-content-background-meta":{"desktop":{"background-color":"var(--ast-global-color-4)","background-image":"","background-repeat":"repeat","background-position":"center center","background-size":"auto","background-attachment":"scroll","background-type":"","background-media":"","overlay-type":"","overlay-color":"","overlay-opacity":"","overlay-gradient":""},"tablet":{"background-color":"var(--ast-global-color-4)","background-image":"","background-repeat":"repeat","background-position":"center center","background-size":"auto","background-attachment":"scroll","background-type":"","background-media":"","overlay-type":"","overlay-color":"","overlay-opacity":"","overlay-gradient":""},"mobile":{"background-color":"var(--ast-global-color-4)","background-image":"","background-repeat":"repeat","background-position":"center center","background-size":"auto","background-attachment":"scroll","background-type":"","background-media":"","overlay-type":"","overlay-color":"","overlay-opacity":"","overlay-gradient":""}},"footnotes":""},"class_list":["post-11262","page","type-page","status-publish","has-post-thumbnail","hentry"],"yoast_head":"<!-- This site is optimized with the Yoast SEO plugin v27.3 - https:\/\/yoast.com\/product\/yoast-seo-wordpress\/ -->\n<title>Donera - GraniAID<\/title>\n<meta name=\"description\" content=\"Int\u00e4kterna fr\u00e5n GraniAID och Vinterjippo kommer att anv\u00e4ndas f\u00f6r att st\u00f6dja Grani N\u00e4rhj\u00e4lps arbete f\u00f6r att minska ensamheten i Grankulla. Varje donation, stor eller liten, hj\u00e4lper oss att st\u00f6dja dem som beh\u00f6ver s\u00e4llskap, st\u00f6d och trygghet i sin vardag.\" \/>\n<meta name=\"robots\" content=\"index, follow, max-snippet:-1, max-image-preview:large, max-video-preview:-1\" \/>\n<link rel=\"canonical\" href=\"https:\/\/graniaid.fi\/sv\/donera-till-3\/\" \/>\n<meta property=\"og:locale\" content=\"sv_SE\" \/>\n<meta property=\"og:type\" content=\"article\" \/>\n<meta property=\"og:title\" content=\"Donera - hj\u00e4lp till att minska ensamheten i Grankulla\" \/>\n<meta property=\"og:description\" content=\"Int\u00e4kterna fr\u00e5n GraniAID och Vinterjippo kommer att anv\u00e4ndas f\u00f6r att st\u00f6dja Grani N\u00e4rhj\u00e4lps arbete f\u00f6r att minska ensamheten i Grankulla. Varje donation, stor eller liten, hj\u00e4lper oss att st\u00f6dja dem som beh\u00f6ver s\u00e4llskap, st\u00f6d och trygghet i sin vardag.\" \/>\n<meta property=\"og:url\" content=\"https:\/\/graniaid.fi\/sv\/donera-till-3\/\" \/>\n<meta property=\"og:site_name\" content=\"GraniAID\" \/>\n<meta property=\"article:modified_time\" content=\"2026-01-06T12:46:31+00:00\" \/>\n<meta property=\"og:image\" content=\"https:\/\/graniaid.fi\/wp-content\/uploads\/2025\/11\/DONERA-1-1024x576.png\" \/>\n<meta name=\"twitter:card\" content=\"summary_large_image\" \/>\n<meta name=\"twitter:label1\" content=\"Ber\u00e4knad l\u00e4stid\" \/>\n\t<meta name=\"twitter:data1\" content=\"1 minut\" \/>\n<script type=\"application\/ld+json\" class=\"yoast-schema-graph\">{\"@context\":\"https:\\\/\\\/schema.org\",\"@graph\":[{\"@type\":\"WebPage\",\"@id\":\"https:\\\/\\\/graniaid.fi\\\/sv\\\/donera-till-3\\\/\",\"url\":\"https:\\\/\\\/graniaid.fi\\\/sv\\\/donera-till-3\\\/\",\"name\":\"Donera - GraniAID\",\"isPartOf\":{\"@id\":\"https:\\\/\\\/graniaid.fi\\\/sv\\\/#website\"},\"primaryImageOfPage\":{\"@id\":\"https:\\\/\\\/graniaid.fi\\\/sv\\\/donera-till-3\\\/#primaryimage\"},\"image\":{\"@id\":\"https:\\\/\\\/graniaid.fi\\\/sv\\\/donera-till-3\\\/#primaryimage\"},\"thumbnailUrl\":\"https:\\\/\\\/graniaid.fi\\\/wp-content\\\/uploads\\\/2025\\\/11\\\/DONERA-1-compress.png\",\"datePublished\":\"2025-11-26T11:16:40+00:00\",\"dateModified\":\"2026-01-06T12:46:31+00:00\",\"description\":\"Int\u00e4kterna fr\u00e5n GraniAID och Vinterjippo kommer att anv\u00e4ndas f\u00f6r att st\u00f6dja Grani N\u00e4rhj\u00e4lps arbete f\u00f6r att minska ensamheten i Grankulla. Varje donation, stor eller liten, hj\u00e4lper oss att st\u00f6dja dem som beh\u00f6ver s\u00e4llskap, st\u00f6d och trygghet i sin vardag.\",\"breadcrumb\":{\"@id\":\"https:\\\/\\\/graniaid.fi\\\/sv\\\/donera-till-3\\\/#breadcrumb\"},\"inLanguage\":\"sv-SE\",\"potentialAction\":[{\"@type\":\"ReadAction\",\"target\":[\"https:\\\/\\\/graniaid.fi\\\/sv\\\/donera-till-3\\\/\"]}]},{\"@type\":\"ImageObject\",\"inLanguage\":\"sv-SE\",\"@id\":\"https:\\\/\\\/graniaid.fi\\\/sv\\\/donera-till-3\\\/#primaryimage\",\"url\":\"https:\\\/\\\/graniaid.fi\\\/wp-content\\\/uploads\\\/2025\\\/11\\\/DONERA-1-compress.png\",\"contentUrl\":\"https:\\\/\\\/graniaid.fi\\\/wp-content\\\/uploads\\\/2025\\\/11\\\/DONERA-1-compress.png\",\"width\":1920,\"height\":1080},{\"@type\":\"BreadcrumbList\",\"@id\":\"https:\\\/\\\/graniaid.fi\\\/sv\\\/donera-till-3\\\/#breadcrumb\",\"itemListElement\":[{\"@type\":\"ListItem\",\"position\":1,\"name\":\"Etusivu\",\"item\":\"https:\\\/\\\/graniaid.fi\\\/sv\\\/\"},{\"@type\":\"ListItem\",\"position\":2,\"name\":\"Donera\"}]},{\"@type\":\"WebSite\",\"@id\":\"https:\\\/\\\/graniaid.fi\\\/sv\\\/#website\",\"url\":\"https:\\\/\\\/graniaid.fi\\\/sv\\\/\",\"name\":\"GraniAID\",\"description\":\"Hyv\u00e4ntekev\u00e4isyystapahtuma\",\"publisher\":{\"@id\":\"https:\\\/\\\/graniaid.fi\\\/sv\\\/#organization\"},\"potentialAction\":[{\"@type\":\"SearchAction\",\"target\":{\"@type\":\"EntryPoint\",\"urlTemplate\":\"https:\\\/\\\/graniaid.fi\\\/sv\\\/?s={search_term_string}\"},\"query-input\":{\"@type\":\"PropertyValueSpecification\",\"valueRequired\":true,\"valueName\":\"search_term_string\"}}],\"inLanguage\":\"sv-SE\"},{\"@type\":\"Organization\",\"@id\":\"https:\\\/\\\/graniaid.fi\\\/sv\\\/#organization\",\"name\":\"GraniAID\",\"url\":\"https:\\\/\\\/graniaid.fi\\\/sv\\\/\",\"logo\":{\"@type\":\"ImageObject\",\"inLanguage\":\"sv-SE\",\"@id\":\"https:\\\/\\\/graniaid.fi\\\/sv\\\/#\\\/schema\\\/logo\\\/image\\\/\",\"url\":\"https:\\\/\\\/graniaid.fi\\\/wp-content\\\/uploads\\\/2023\\\/07\\\/graniaid_300.png\",\"contentUrl\":\"https:\\\/\\\/graniaid.fi\\\/wp-content\\\/uploads\\\/2023\\\/07\\\/graniaid_300.png\",\"width\":300,\"height\":300,\"caption\":\"GraniAID\"},\"image\":{\"@id\":\"https:\\\/\\\/graniaid.fi\\\/sv\\\/#\\\/schema\\\/logo\\\/image\\\/\"}}]}<\/script>\n<!-- \/ Yoast SEO plugin. -->","yoast_head_json":{"title":"Donera - GraniAID","description":"Int\u00e4kterna fr\u00e5n GraniAID och Vinterjippo kommer att anv\u00e4ndas f\u00f6r att st\u00f6dja Grani N\u00e4rhj\u00e4lps arbete f\u00f6r att minska ensamheten i Grankulla. Varje donation, stor eller liten, hj\u00e4lper oss att st\u00f6dja dem som beh\u00f6ver s\u00e4llskap, st\u00f6d och trygghet i sin vardag.","robots":{"index":"index","follow":"follow","max-snippet":"max-snippet:-1","max-image-preview":"max-image-preview:large","max-video-preview":"max-video-preview:-1"},"canonical":"https:\/\/graniaid.fi\/sv\/donera-till-3\/","og_locale":"sv_SE","og_type":"article","og_title":"Donera - hj\u00e4lp till att minska ensamheten i Grankulla","og_description":"Int\u00e4kterna fr\u00e5n GraniAID och Vinterjippo kommer att anv\u00e4ndas f\u00f6r att st\u00f6dja Grani N\u00e4rhj\u00e4lps arbete f\u00f6r att minska ensamheten i Grankulla. Varje donation, stor eller liten, hj\u00e4lper oss att st\u00f6dja dem som beh\u00f6ver s\u00e4llskap, st\u00f6d och trygghet i sin vardag.","og_url":"https:\/\/graniaid.fi\/sv\/donera-till-3\/","og_site_name":"GraniAID","article_modified_time":"2026-01-06T12:46:31+00:00","og_image":[{"url":"https:\/\/graniaid.fi\/wp-content\/uploads\/2025\/11\/DONERA-1-1024x576.png","type":"","width":"","height":""}],"twitter_card":"summary_large_image","twitter_misc":{"Ber\u00e4knad l\u00e4stid":"1 minut"},"schema":{"@context":"https:\/\/schema.org","@graph":[{"@type":"WebPage","@id":"https:\/\/graniaid.fi\/sv\/donera-till-3\/","url":"https:\/\/graniaid.fi\/sv\/donera-till-3\/","name":"Donera - GraniAID","isPartOf":{"@id":"https:\/\/graniaid.fi\/sv\/#website"},"primaryImageOfPage":{"@id":"https:\/\/graniaid.fi\/sv\/donera-till-3\/#primaryimage"},"image":{"@id":"https:\/\/graniaid.fi\/sv\/donera-till-3\/#primaryimage"},"thumbnailUrl":"https:\/\/graniaid.fi\/wp-content\/uploads\/2025\/11\/DONERA-1-compress.png","datePublished":"2025-11-26T11:16:40+00:00","dateModified":"2026-01-06T12:46:31+00:00","description":"Int\u00e4kterna fr\u00e5n GraniAID och Vinterjippo kommer att anv\u00e4ndas f\u00f6r att st\u00f6dja Grani N\u00e4rhj\u00e4lps arbete f\u00f6r att minska ensamheten i Grankulla. Varje donation, stor eller liten, hj\u00e4lper oss att st\u00f6dja dem som beh\u00f6ver s\u00e4llskap, st\u00f6d och trygghet i sin vardag.","breadcrumb":{"@id":"https:\/\/graniaid.fi\/sv\/donera-till-3\/#breadcrumb"},"inLanguage":"sv-SE","potentialAction":[{"@type":"ReadAction","target":["https:\/\/graniaid.fi\/sv\/donera-till-3\/"]}]},{"@type":"ImageObject","inLanguage":"sv-SE","@id":"https:\/\/graniaid.fi\/sv\/donera-till-3\/#primaryimage","url":"https:\/\/graniaid.fi\/wp-content\/uploads\/2025\/11\/DONERA-1-compress.png","contentUrl":"https:\/\/graniaid.fi\/wp-content\/uploads\/2025\/11\/DONERA-1-compress.png","width":1920,"height":1080},{"@type":"BreadcrumbList","@id":"https:\/\/graniaid.fi\/sv\/donera-till-3\/#breadcrumb","itemListElement":[{"@type":"ListItem","position":1,"name":"Etusivu","item":"https:\/\/graniaid.fi\/sv\/"},{"@type":"ListItem","position":2,"name":"Donera"}]},{"@type":"WebSite","@id":"https:\/\/graniaid.fi\/sv\/#website","url":"https:\/\/graniaid.fi\/sv\/","name":"GraniAID","description":"Hyv\u00e4ntekev\u00e4isyystapahtuma","publisher":{"@id":"https:\/\/graniaid.fi\/sv\/#organization"},"potentialAction":[{"@type":"SearchAction","target":{"@type":"EntryPoint","urlTemplate":"https:\/\/graniaid.fi\/sv\/?s={search_term_string}"},"query-input":{"@type":"PropertyValueSpecification","valueRequired":true,"valueName":"search_term_string"}}],"inLanguage":"sv-SE"},{"@type":"Organization","@id":"https:\/\/graniaid.fi\/sv\/#organization","name":"GraniAID","url":"https:\/\/graniaid.fi\/sv\/","logo":{"@type":"ImageObject","inLanguage":"sv-SE","@id":"https:\/\/graniaid.fi\/sv\/#\/schema\/logo\/image\/","url":"https:\/\/graniaid.fi\/wp-content\/uploads\/2023\/07\/graniaid_300.png","contentUrl":"https:\/\/graniaid.fi\/wp-content\/uploads\/2023\/07\/graniaid_300.png","width":300,"height":300,"caption":"GraniAID"},"image":{"@id":"https:\/\/graniaid.fi\/sv\/#\/schema\/logo\/image\/"}}]}},"_links":{"self":[{"href":"https:\/\/graniaid.fi\/sv\/wp-json\/wp\/v2\/pages\/11262","targetHints":{"allow":["GET"]}}],"collection":[{"href":"https:\/\/graniaid.fi\/sv\/wp-json\/wp\/v2\/pages"}],"about":[{"href":"https:\/\/graniaid.fi\/sv\/wp-json\/wp\/v2\/types\/page"}],"author":[{"embeddable":true,"href":"https:\/\/graniaid.fi\/sv\/wp-json\/wp\/v2\/users\/5"}],"replies":[{"embeddable":true,"href":"https:\/\/graniaid.fi\/sv\/wp-json\/wp\/v2\/comments?post=11262"}],"version-history":[{"count":4,"href":"https:\/\/graniaid.fi\/sv\/wp-json\/wp\/v2\/pages\/11262\/revisions"}],"predecessor-version":[{"id":11334,"href":"https:\/\/graniaid.fi\/sv\/wp-json\/wp\/v2\/pages\/11262\/revisions\/11334"}],"wp:featuredmedia":[{"embeddable":true,"href":"https:\/\/graniaid.fi\/sv\/wp-json\/wp\/v2\/media\/11250"}],"wp:attachment":[{"href":"https:\/\/graniaid.fi\/sv\/wp-json\/wp\/v2\/media?parent=11262"}],"curies":[{"name":"wp","href":"https:\/\/api.w.org\/{rel}","templated":true}]}}